{"id":3359,"date":"2023-12-27T13:26:52","date_gmt":"2023-12-27T12:26:52","guid":{"rendered":"https:\/\/metazet.com\/sustainable\/"},"modified":"2026-02-12T16:36:38","modified_gmt":"2026-02-12T15:36:38","slug":"sustainable","status":"publish","type":"page","link":"https:\/\/metazet.com\/en\/sustainable\/","title":{"rendered":"Sustainable"},"content":{"rendered":"\t\t<div data-elementor-type=\"wp-page\" data-elementor-id=\"3359\" class=\"elementor elementor-3359 elementor-815\" data-elementor-post-type=\"page\">\n\t\t\t\t<div class=\"elementor-element elementor-element-a0e640c e-con-full e-flex e-con e-parent\" data-id=\"a0e640c\" data-element_type=\"container\" data-e-type=\"container\" data-settings=\"{&quot;background_background&quot;:&quot;classic&quot;}\">\n\t\t<div class=\"elementor-element elementor-element-b8e5ff0 e-con-full e-flex e-con e-child\" data-id=\"b8e5ff0\" data-element_type=\"container\" data-e-type=\"container\">\n\t\t\t\t<div class=\"elementor-element elementor-element-2658c67 elementor-widget elementor-widget-heading\" data-id=\"2658c67\" data-element_type=\"widget\" data-e-type=\"widget\" data-widget_type=\"heading.default\">\n\t\t\t\t<div class=\"elementor-widget-container\">\n\t\t\t\t\t<h1 class=\"elementor-heading-title elementor-size-default\">Sustainable<\/h1>\t\t\t\t<\/div>\n\t\t\t\t<\/div>\n\t\t\t\t<\/div>\n\t\t<div class=\"elementor-element elementor-element-ad26e66 e-con-full e-flex e-con e-child\" data-id=\"ad26e66\" data-element_type=\"container\" data-e-type=\"container\" data-settings=\"{&quot;background_background&quot;:&quot;classic&quot;}\">\n\t\t\t\t<\/div>\n\t\t\t\t<\/div>\n\t\t<div class=\"elementor-element elementor-element-d6d99e8 e-flex e-con-boxed e-con e-parent\" data-id=\"d6d99e8\" data-element_type=\"container\" data-e-type=\"container\" data-settings=\"{&quot;background_background&quot;:&quot;classic&quot;}\">\n\t\t\t\t\t<div class=\"e-con-inner\">\n\t\t\t\t<div class=\"elementor-element elementor-element-0c5df3c elementor-widget__width-initial elementor-widget elementor-widget-text-editor\" data-id=\"0c5df3c\" data-element_type=\"widget\" data-e-type=\"widget\" data-widget_type=\"text-editor.default\">\n\t\t\t\t<div class=\"elementor-widget-container\">\n\t\t\t\t\t\t\t\t\t<p><strong>Sustainability means investing in the future of horticulture<br><\/strong>A sustainable future for horticulture is firmly rooted in our culture at Metazet. The life cycle of our products is important to us, but sustainability also encompasses how our products affect useful life, water and nutrient consumption and the amount of work required to cultivate a crop. Discover how our products not only help to create a healthy growing environment, but also reduce your environmental impact.<\/p><p><br><\/p>\n<p><span style=\"text-align: var(--text-align); background-color: var( --e-global-color-accent ); color: var( --e-global-color-095cd0e );\"><b>Sustainable products <br><\/b><\/span><span style=\"text-align: var(--text-align); background-color: var( --e-global-color-accent ); color: var( --e-global-color-095cd0e );\">Metazet creates high-quality, long-lasting products \u2013 because we believe that durability is a key piece of the sustainability puzzle. Our products are designed to last in the greenhouse and to continue on their sustainable journey even after the end of their useful life.<\/span><\/p>\n<p><span style=\"text-align: var(--text-align); background-color: var( --e-global-color-accent ); color: var( --e-global-color-095cd0e );\">&nbsp;<\/span><\/p>\n<p><span style=\"background-color: var( --e-global-color-accent ); color: var( --e-global-color-095cd0e ); text-align: var(--text-align);\"><b>Second Skin<br><\/b><\/span><span style=\"text-align: var(--text-align); background-color: var( --e-global-color-accent ); color: var( --e-global-color-095cd0e );\">Second Skin is not a standard channel replacement product; it\u2019s a smart plastic layer designed to fit over a damaged channel. This layer extends the service life of the channel by ten years and is fully recyclable after use.<\/span><\/p>\n<p><span style=\"text-align: var(--text-align); background-color: var( --e-global-color-accent ); color: var( --e-global-color-095cd0e );\">&nbsp;<\/span><\/p>\n<p><strong>Less work, more fun&nbsp;<\/strong><br>Metazet develops products that promote efficiency in the greenhouse. Reducing the workload helps to make businesses more sustainable and makes life easier for the grower, too. Our solutions are a valuable investment for modern growers who strive to achieve sustainable and efficient cultivation practices \u2013 but they also make it easier to complete the task at hand. Better ergonomics make working life in the greenhouse easier and more fun.<\/p>\t\t\t\t\t\t\t\t<\/div>\n\t\t\t\t<\/div>\n\t\t\t\t<div class=\"elementor-element elementor-element-ab6e16e elementor-widget__width-initial elementor-widget elementor-widget-text-editor\" data-id=\"ab6e16e\" data-element_type=\"widget\" data-e-type=\"widget\" data-widget_type=\"text-editor.default\">\n\t\t\t\t<div class=\"elementor-widget-container\">\n\t\t\t\t\t\t\t\t\t<p><strong>Water and nutrients<br \/><\/strong>Our products help to extend the service life of the greenhouse and while also enabling growers to use water and nutrients efficiently. Reducing water and nutrient consumption not only produces cost savings for growers, but also has a positive impact on the environment too.<\/p><p>\u00a0<\/p><p><strong>Sustainable people<\/strong><br \/>Sustainability is not just about our products; it\u2019s about our people, too. We cultivate a working environment where everyone feels heard, valued and respected. By investing in the development and welfare of our team, we build sustainable relationships with our people and strive for a sustainable future for each individual career path.<\/p><p>\u00a0<\/p><p><strong>A healthy working environment<\/strong><br \/>Sustainability also means creating a healthy, safe and inclusive working environment. We strive to build ergonomic workplaces, safe procedures and a culture of employee participation and well-being. A healthy workplace promotes the health and well-being of our team in the present while also helping us to build a sustainable workforce for the long term.<\/p><p>\u00a0<\/p><p><strong>A greener tomorrow <br \/><\/strong>We want to be a company that not only offers sustainable solutions, but that also has a sustainable impact on the lives of its employees. Together, we\u2019re building a greener future \u2013 not just for the horticulture sector, but also for our own Metazet family. This is why sustainability is more than just another objective for us; it\u2019s an integral part of our mission.<\/p>\t\t\t\t\t\t\t\t<\/div>\n\t\t\t\t<\/div>\n\t\t\t\t\t<\/div>\n\t\t\t\t<\/div>\n\t\t<div class=\"elementor-element elementor-element-ce3ec96 e-flex e-con-boxed e-con e-parent\" data-id=\"ce3ec96\" data-element_type=\"container\" data-e-type=\"container\" data-settings=\"{&quot;background_background&quot;:&quot;classic&quot;}\">\n\t\t\t\t\t<div class=\"e-con-inner\">\n\t\t<div class=\"elementor-element elementor-element-9a1f8b8 e-con-full e-flex e-con e-child\" data-id=\"9a1f8b8\" data-element_type=\"container\" data-e-type=\"container\">\n\t\t\t\t<\/div>\n\t\t<div class=\"elementor-element elementor-element-8404d3a e-con-full e-flex e-con e-child\" data-id=\"8404d3a\" data-element_type=\"container\" data-e-type=\"container\">\n\t\t\t\t<div class=\"elementor-element elementor-element-a835e16 elementor-widget elementor-widget-heading\" data-id=\"a835e16\" data-element_type=\"widget\" data-e-type=\"widget\" data-widget_type=\"heading.default\">\n\t\t\t\t<div class=\"elementor-widget-container\">\n\t\t\t\t\t<h2 class=\"elementor-heading-title elementor-size-default\">Want to grow more sustainably?<\/h2>\t\t\t\t<\/div>\n\t\t\t\t<\/div>\n\t\t\t\t<div class=\"elementor-element elementor-element-1db46a6 elementor-widget elementor-widget-button\" data-id=\"1db46a6\" data-element_type=\"widget\" data-e-type=\"widget\" data-widget_type=\"button.default\">\n\t\t\t\t<div class=\"elementor-widget-container\">\n\t\t\t\t\t\t\t\t\t<div class=\"elementor-button-wrapper\">\n\t\t\t\t\t<a class=\"elementor-button elementor-button-link elementor-size-sm\" href=\"\/en\/contact\/\">\n\t\t\t\t\t\t<span class=\"elementor-button-content-wrapper\">\n\t\t\t\t\t\t\t\t\t<span class=\"elementor-button-text\">Talk to us about our solutions!<\/span>\n\t\t\t\t\t<\/span>\n\t\t\t\t\t<\/a>\n\t\t\t\t<\/div>\n\t\t\t\t\t\t\t\t<\/div>\n\t\t\t\t<\/div>\n\t\t\t\t<\/div>\n\t\t\t\t\t<\/div>\n\t\t\t\t<\/div>\n\t\t\t\t<\/div>\n\t\t","protected":false},"excerpt":{"rendered":"<p>Sustainable Sustainability means investing in the future of horticultureA sustainable future for horticulture is firmly rooted in our culture at Metazet. The life cycle of our products is important to us, but sustainability also encompasses how our products affect useful life, water and nutrient consumption and the amount of work required to cultivate a crop. [&hellip;]<\/p>\n","protected":false},"author":1,"featured_media":0,"parent":0,"menu_order":0,"comment_status":"closed","ping_status":"closed","template":"","meta":{"footnotes":""},"teelt":[],"productsoorten":[],"class_list":["post-3359","page","type-page","status-publish","hentry"],"yoast_head":"<!-- This site is optimized with the Yoast SEO Premium plugin v27.3 (Yoast SEO v27.3) - https:\/\/yoast.com\/product\/yoast-seo-premium-wordpress\/ -->\n<title>Sustainable - Metazet<\/title>\n<meta name=\"description\" content=\"Metazet produziert Anbautechnik f\u00fcr Erdbeeren, wie Tr\u00e4ger f\u00fcr Trevira-B\u00e4nder &amp; Deltex-Schn\u00fcre. Sie erh\u00f6hen die Produktion &amp; Pfl\u00fcckleistung durch bessere Zug\u00e4nglichkeit.\" \/>\n<meta name=\"robots\" content=\"index, follow, max-snippet:-1, max-image-preview:large, max-video-preview:-1\" \/>\n<link rel=\"canonical\" href=\"https:\/\/metazet.com\/en\/sustainable\/\" \/>\n<meta property=\"og:locale\" content=\"en_US\" \/>\n<meta property=\"og:type\" content=\"article\" \/>\n<meta property=\"og:title\" content=\"Sustainable\" \/>\n<meta property=\"og:description\" content=\"Metazet produziert Anbautechnik f\u00fcr Erdbeeren, wie Tr\u00e4ger f\u00fcr Trevira-B\u00e4nder &amp; Deltex-Schn\u00fcre. Sie erh\u00f6hen die Produktion &amp; Pfl\u00fcckleistung durch bessere Zug\u00e4nglichkeit.\" \/>\n<meta property=\"og:url\" content=\"https:\/\/metazet.com\/en\/sustainable\/\" \/>\n<meta property=\"og:site_name\" content=\"Metazet\" \/>\n<meta property=\"article:modified_time\" content=\"2026-02-12T15:36:38+00:00\" \/>\n<meta name=\"twitter:card\" content=\"summary_large_image\" \/>\n<meta name=\"twitter:label1\" content=\"Est. reading time\" \/>\n\t<meta name=\"twitter:data1\" content=\"3 minutes\" \/>\n<script type=\"application\/ld+json\" class=\"yoast-schema-graph\">{\"@context\":\"https:\\\/\\\/schema.org\",\"@graph\":[{\"@type\":\"WebPage\",\"@id\":\"https:\\\/\\\/metazet.com\\\/en\\\/sustainable\\\/\",\"url\":\"https:\\\/\\\/metazet.com\\\/en\\\/sustainable\\\/\",\"name\":\"Sustainable - Metazet\",\"isPartOf\":{\"@id\":\"https:\\\/\\\/metazet.com\\\/en\\\/#website\"},\"datePublished\":\"2023-12-27T12:26:52+00:00\",\"dateModified\":\"2026-02-12T15:36:38+00:00\",\"description\":\"Metazet produziert Anbautechnik f\u00fcr Erdbeeren, wie Tr\u00e4ger f\u00fcr Trevira-B\u00e4nder & Deltex-Schn\u00fcre. Sie erh\u00f6hen die Produktion & Pfl\u00fcckleistung durch bessere Zug\u00e4nglichkeit.\",\"breadcrumb\":{\"@id\":\"https:\\\/\\\/metazet.com\\\/en\\\/sustainable\\\/#breadcrumb\"},\"inLanguage\":\"en-US\",\"potentialAction\":[{\"@type\":\"ReadAction\",\"target\":[\"https:\\\/\\\/metazet.com\\\/en\\\/sustainable\\\/\"]}]},{\"@type\":\"BreadcrumbList\",\"@id\":\"https:\\\/\\\/metazet.com\\\/en\\\/sustainable\\\/#breadcrumb\",\"itemListElement\":[{\"@type\":\"ListItem\",\"position\":1,\"name\":\"Home\",\"item\":\"https:\\\/\\\/metazet.com\\\/en\\\/\"},{\"@type\":\"ListItem\",\"position\":2,\"name\":\"Sustainable\"}]},{\"@type\":\"WebSite\",\"@id\":\"https:\\\/\\\/metazet.com\\\/en\\\/#website\",\"url\":\"https:\\\/\\\/metazet.com\\\/en\\\/\",\"name\":\"Metazet\",\"description\":\"Totaaloplossingen voor de tuinbouw\",\"publisher\":{\"@id\":\"https:\\\/\\\/metazet.com\\\/en\\\/#organization\"},\"potentialAction\":[{\"@type\":\"SearchAction\",\"target\":{\"@type\":\"EntryPoint\",\"urlTemplate\":\"https:\\\/\\\/metazet.com\\\/en\\\/?s={search_term_string}\"},\"query-input\":{\"@type\":\"PropertyValueSpecification\",\"valueRequired\":true,\"valueName\":\"search_term_string\"}}],\"inLanguage\":\"en-US\"},{\"@type\":\"Organization\",\"@id\":\"https:\\\/\\\/metazet.com\\\/en\\\/#organization\",\"name\":\"Metazet\",\"url\":\"https:\\\/\\\/metazet.com\\\/en\\\/\",\"logo\":{\"@type\":\"ImageObject\",\"inLanguage\":\"en-US\",\"@id\":\"https:\\\/\\\/metazet.com\\\/en\\\/#\\\/schema\\\/logo\\\/image\\\/\",\"url\":\"https:\\\/\\\/metazet.com\\\/wp-content\\\/uploads\\\/2023\\\/12\\\/Logo-Footer.svg\",\"contentUrl\":\"https:\\\/\\\/metazet.com\\\/wp-content\\\/uploads\\\/2023\\\/12\\\/Logo-Footer.svg\",\"width\":927,\"height\":542,\"caption\":\"Metazet\"},\"image\":{\"@id\":\"https:\\\/\\\/metazet.com\\\/en\\\/#\\\/schema\\\/logo\\\/image\\\/\"}}]}<\/script>\n<!-- \/ Yoast SEO Premium plugin. -->","yoast_head_json":{"title":"Sustainable - Metazet","description":"Metazet produziert Anbautechnik f\u00fcr Erdbeeren, wie Tr\u00e4ger f\u00fcr Trevira-B\u00e4nder & Deltex-Schn\u00fcre. Sie erh\u00f6hen die Produktion & Pfl\u00fcckleistung durch bessere Zug\u00e4nglichkeit.","robots":{"index":"index","follow":"follow","max-snippet":"max-snippet:-1","max-image-preview":"max-image-preview:large","max-video-preview":"max-video-preview:-1"},"canonical":"https:\/\/metazet.com\/en\/sustainable\/","og_locale":"en_US","og_type":"article","og_title":"Sustainable","og_description":"Metazet produziert Anbautechnik f\u00fcr Erdbeeren, wie Tr\u00e4ger f\u00fcr Trevira-B\u00e4nder & Deltex-Schn\u00fcre. Sie erh\u00f6hen die Produktion & Pfl\u00fcckleistung durch bessere Zug\u00e4nglichkeit.","og_url":"https:\/\/metazet.com\/en\/sustainable\/","og_site_name":"Metazet","article_modified_time":"2026-02-12T15:36:38+00:00","twitter_card":"summary_large_image","twitter_misc":{"Est. reading time":"3 minutes"},"schema":{"@context":"https:\/\/schema.org","@graph":[{"@type":"WebPage","@id":"https:\/\/metazet.com\/en\/sustainable\/","url":"https:\/\/metazet.com\/en\/sustainable\/","name":"Sustainable - Metazet","isPartOf":{"@id":"https:\/\/metazet.com\/en\/#website"},"datePublished":"2023-12-27T12:26:52+00:00","dateModified":"2026-02-12T15:36:38+00:00","description":"Metazet produziert Anbautechnik f\u00fcr Erdbeeren, wie Tr\u00e4ger f\u00fcr Trevira-B\u00e4nder & Deltex-Schn\u00fcre. Sie erh\u00f6hen die Produktion & Pfl\u00fcckleistung durch bessere Zug\u00e4nglichkeit.","breadcrumb":{"@id":"https:\/\/metazet.com\/en\/sustainable\/#breadcrumb"},"inLanguage":"en-US","potentialAction":[{"@type":"ReadAction","target":["https:\/\/metazet.com\/en\/sustainable\/"]}]},{"@type":"BreadcrumbList","@id":"https:\/\/metazet.com\/en\/sustainable\/#breadcrumb","itemListElement":[{"@type":"ListItem","position":1,"name":"Home","item":"https:\/\/metazet.com\/en\/"},{"@type":"ListItem","position":2,"name":"Sustainable"}]},{"@type":"WebSite","@id":"https:\/\/metazet.com\/en\/#website","url":"https:\/\/metazet.com\/en\/","name":"Metazet","description":"Totaaloplossingen voor de tuinbouw","publisher":{"@id":"https:\/\/metazet.com\/en\/#organization"},"potentialAction":[{"@type":"SearchAction","target":{"@type":"EntryPoint","urlTemplate":"https:\/\/metazet.com\/en\/?s={search_term_string}"},"query-input":{"@type":"PropertyValueSpecification","valueRequired":true,"valueName":"search_term_string"}}],"inLanguage":"en-US"},{"@type":"Organization","@id":"https:\/\/metazet.com\/en\/#organization","name":"Metazet","url":"https:\/\/metazet.com\/en\/","logo":{"@type":"ImageObject","inLanguage":"en-US","@id":"https:\/\/metazet.com\/en\/#\/schema\/logo\/image\/","url":"https:\/\/metazet.com\/wp-content\/uploads\/2023\/12\/Logo-Footer.svg","contentUrl":"https:\/\/metazet.com\/wp-content\/uploads\/2023\/12\/Logo-Footer.svg","width":927,"height":542,"caption":"Metazet"},"image":{"@id":"https:\/\/metazet.com\/en\/#\/schema\/logo\/image\/"}}]}},"_links":{"self":[{"href":"https:\/\/metazet.com\/en\/wp-json\/wp\/v2\/pages\/3359","targetHints":{"allow":["GET"]}}],"collection":[{"href":"https:\/\/metazet.com\/en\/wp-json\/wp\/v2\/pages"}],"about":[{"href":"https:\/\/metazet.com\/en\/wp-json\/wp\/v2\/types\/page"}],"author":[{"embeddable":true,"href":"https:\/\/metazet.com\/en\/wp-json\/wp\/v2\/users\/1"}],"replies":[{"embeddable":true,"href":"https:\/\/metazet.com\/en\/wp-json\/wp\/v2\/comments?post=3359"}],"version-history":[{"count":5,"href":"https:\/\/metazet.com\/en\/wp-json\/wp\/v2\/pages\/3359\/revisions"}],"predecessor-version":[{"id":8122,"href":"https:\/\/metazet.com\/en\/wp-json\/wp\/v2\/pages\/3359\/revisions\/8122"}],"wp:attachment":[{"href":"https:\/\/metazet.com\/en\/wp-json\/wp\/v2\/media?parent=3359"}],"wp:term":[{"taxonomy":"teelt","embeddable":true,"href":"https:\/\/metazet.com\/en\/wp-json\/wp\/v2\/teelt?post=3359"},{"taxonomy":"productsoorten","embeddable":true,"href":"https:\/\/metazet.com\/en\/wp-json\/wp\/v2\/productsoorten?post=3359"}],"curies":[{"name":"wp","href":"https:\/\/api.w.org\/{rel}","templated":true}]}}