{"id":4189,"date":"2024-01-22T14:42:34","date_gmt":"2024-01-22T13:42:34","guid":{"rendered":"https:\/\/metazet.com\/erklaerung-zum-datenschutz\/"},"modified":"2025-06-09T21:41:52","modified_gmt":"2025-06-09T19:41:52","slug":"erklaerung-zum-datenschutz","status":"publish","type":"page","link":"https:\/\/metazet.com\/de\/erklaerung-zum-datenschutz\/","title":{"rendered":"Erkl\u00e4rung zum Datenschutz"},"content":{"rendered":"\t\t<div data-elementor-type=\"wp-page\" data-elementor-id=\"4189\" class=\"elementor elementor-4189 elementor-4186\" data-elementor-post-type=\"page\">\n\t\t\t\t<div class=\"elementor-element elementor-element-d8a77d3 e-flex e-con-boxed e-con e-parent\" data-id=\"d8a77d3\" data-element_type=\"container\" data-e-type=\"container\" data-settings=\"{&quot;background_background&quot;:&quot;classic&quot;}\">\n\t\t\t\t\t<div class=\"e-con-inner\">\n\t\t\t\t<div class=\"elementor-element elementor-element-98a103f elementor-widget elementor-widget-heading\" data-id=\"98a103f\" data-element_type=\"widget\" data-e-type=\"widget\" data-widget_type=\"heading.default\">\n\t\t\t\t<div class=\"elementor-widget-container\">\n\t\t\t\t\t<h2 class=\"elementor-heading-title elementor-size-default\">Erkl\u00e4rung zum Datenschutz<\/h2>\t\t\t\t<\/div>\n\t\t\t\t<\/div>\n\t\t\t\t<div class=\"elementor-element elementor-element-48b47bc elementor-widget elementor-widget-text-editor\" data-id=\"48b47bc\" data-element_type=\"widget\" data-e-type=\"widget\" data-widget_type=\"text-editor.default\">\n\t\t\t\t<div class=\"elementor-widget-container\">\n\t\t\t\t\t\t\t\t\t<h3>Metazet<\/h3>\n<p>Hier finden Sie die Datenschutzerkl\u00e4rung von Metazet. Sie beschreibt, wie Ihre von Metazet erfassten pers\u00f6nlichen Daten behandelt werden. <\/p>\n<h3>Einf\u00fchrung<\/h3>\n<p>In dieser Datenschutzerkl\u00e4rung erfahren Sie alles dar\u00fcber, wie Ihre pers\u00f6nlichen Daten gesammelt und behandelt werden. Darin wird erkl\u00e4rt, wo Ihre Daten gespeichert werden und f\u00fcr welche Zwecke sie gespeichert werden. Hier finden Sie auch alle Ihre Rechte in Bezug auf Ihre Daten und wie Sie diese aus\u00fcben k\u00f6nnen.<\/p>\n<p>Die Datenschutzerkl\u00e4rung wird von Zeit zu Zeit ge\u00e4ndert, z. B. aufgrund von \u00c4nderungen in der Gesetzgebung. Es ist daher ratsam, die Erkl\u00e4rung in regelm\u00e4\u00dfigen Abst\u00e4nden zu lesen.<\/p>\n<h3><strong>Metazet<\/strong><\/h3>\n<p>Sie lesen gerade die Datenschutzbestimmungen von Metazet. Es gibt Situationen, in denen Ihre Daten von Metazet erfasst werden.  Deshalb ist es gut, wenn Sie wissen, was damit geschieht und wie Sie Ihre W\u00fcnsche bez\u00fcglich Ihrer Daten angeben k\u00f6nnen. Genau darum geht es in dieser Erkl\u00e4rung.<\/p>\n<p>Wenn Sie sich bei der Verwendung Ihrer Daten durch Metazet unwohl f\u00fchlen, k\u00f6nnen Sie uns gerne kontaktieren.<\/p>\n<p><strong>Metazet | <a href=\"tel:+31174225822\">+31 174-225822<\/a><\/strong><\/p>\n<p><strong>De Lierseweg 6 | 2291 PD | Wateringen<\/strong><\/p>\n<p><strong>Mehrwertsteuernummer NL820189285B01 | KVK-Nummer 27242562<\/strong><\/p>\n<h3><strong>Zweckbezogene Daten<\/strong><\/h3>\n<p>Pers\u00f6nliche Daten werden von Metazet f\u00fcr eine Reihe von Zwecken gesammelt. Diese werden im Folgenden erl\u00e4utert.<\/p>\n<h3>Kontakt aufnehmen<\/h3>\n<p>Ihre Daten werden erfasst, wenn Sie Metazet \u00fcber die Website kontaktieren. In diesem Formular werden jedoch nur die Daten abgefragt, die erforderlich sind, um ein Angebot oder eine Dienstleistung zu unterbreiten, z. B. Ihr Name, Ihr Firmenname, Ihre E-Mail-Adresse, Ihre Telefonnummer und Ihre Projektbeschreibung.<\/p>\n<h3>Analytik<\/h3>\n<p>Die Website von Metazet sammelt Ihre Daten, um die Website zu verbessern. Dies geschieht mit Google Analytics. Diese Daten sind anonym und daher nicht mit Ihren pers\u00f6nlichen Daten verkn\u00fcpft. Denken Sie an Informationen wie die Dauer Ihres Website-Besuchs oder die Seiten, die Sie h\u00e4ufig besuchen.<\/p>\n<p>Alle Daten werden nur mit Ihrer ausdr\u00fccklichen Zustimmung oder in Ausf\u00fchrung der getroffenen Vereinbarungen verarbeitet.&nbsp;<\/p>\n<h3>Empf\u00e4nger<\/h3>\n<p>Die von Metazet empfangenen und verarbeiteten Daten werden durch Metazet verwaltet:<\/p>\n<h4>Hosting<\/h4>\n<p>Die E-Mail von Metazet wird bei Microsoft Office 365 gehostet. Wenn Sie uns \u00fcber die Formulare oder per Mail kontaktieren, werden die entsprechenden Mails auf den Servern von Microsoft gespeichert.<\/p>\n<h4>Website<\/h4>\n<p>Die Website und die Backups der Website werden bei WideXS gehostet. Die Daten, die Sie auf der Website von Metazet hinterlassen, werden auf den Servern von WideXS gespeichert.<\/p>\n<h4>Dauer der Lagerung<\/h4>\n<p>Ihre Daten werden von Metazet f\u00fcr einen l\u00e4ngeren Zeitraum aufbewahrt, jedoch nie l\u00e4nger, als es f\u00fcr die Durchf\u00fchrung von Aktivit\u00e4ten erforderlich ist, es sei denn, wir sind aufgrund einer gesetzlichen Regelung verpflichtet, Ihre Daten l\u00e4nger aufzubewahren.<\/p>\n<h4>Kontakt aufnehmen<\/h4>\n<p>In dem Moment, in dem Sie Metazet per E-Mail kontaktieren, werden die von Ihnen gesendeten Daten, wie Ihr Name, Ihr Firmenname und Ihre E-Mail-Adresse, auf dem Mailserver gespeichert. Diese E-Mails werden bis zu zwei Jahre lang aufbewahrt.<\/p>\n<h4>Analytik<\/h4>\n<p>Die von Analytics auf der Website erfassten Daten sind anonym, d.h. sie werden nicht mit Ihrem Namen, Ihrer Firma oder Ihrer E-Mail-Adresse in Verbindung gebracht. Diese Daten werden auf unbestimmte Zeit in Google Analytics gespeichert.<\/p>\n<h4>Sicherheit<\/h4>\n<p>Es werden keine physischen Kopien Ihrer personenbezogenen Daten erstellt. Ihre Daten werden ausschlie\u00dflich in den oben genannten Systemen und Softwareprogrammen verwaltet.<\/p>\n<p>Die von Metazet oder den oben genannten Dritten verwalteten personenbezogenen Daten sind nur \u00fcber die oben genannte Software zug\u00e4nglich und durch ein Passwort und, soweit m\u00f6glich, durch eine zweistufige Verifizierung gesch\u00fctzt.<\/p>\n<p>Bei dieser zweistufigen \u00dcberpr\u00fcfung wird ein Code von der Software generiert und an Metazet gesendet. Dieser Code sollte w\u00e4hrend des Anmeldevorgangs verwendet werden.<\/p>\n<p>Die Ger\u00e4te, die auf Ihre Daten zugreifen, sind jeweils selbst mit einem Passwort und\/oder einem Fingerabdruck gesperrt. Die Anzahl der Ger\u00e4te, die auf Ihre Daten zugreifen k\u00f6nnen, wird auf das Notwendige beschr\u00e4nkt.<\/p>\n<p>Dar\u00fcber hinaus ist Ihr Besuch auf unserer Website durch ein SSL-Zertifikat gesichert. Das bedeutet, dass Ihre Verbindung zur Website von Metazet privat ist. Sie erkennen diese Sicherheit an dem gr\u00fcnen Schloss vor der URL.<\/p>\n<h3><strong>Ihre Rechte<\/strong><\/h3>\n<h4>Recht auf Einsichtnahme<\/h4>\n<p>Sie haben das Recht, Ihre von Metazet erfassten und gespeicherten Daten jederzeit abzurufen. Sie k\u00f6nnen dies tun, indem Sie eine E-Mail senden oder Metazet telefonisch kontaktieren.  Sie erhalten dann einen \u00dcberblick \u00fcber Ihre Daten.<\/p>\n<h4>Recht auf Berichtigung<\/h4>\n<p>Sind Ihre Daten nicht korrekt? Oder haben sich Ihre Daten ge\u00e4ndert? Sie haben das Recht, dies von Metazet korrigieren zu lassen.<\/p>\n<h4>Recht auf L\u00f6schung von Daten<\/h4>\n<p>M\u00f6chten Sie nicht mehr, dass Ihre Daten bei Metazet gespeichert werden? Dann haben Sie das Recht, Ihre Daten l\u00f6schen zu lassen.<\/p>\n<h4>Recht auf Einreichung einer Beschwerde<\/h4>\n<p>Sie haben das Recht, eine Beschwerde bei der Datenschutzbeh\u00f6rde einzureichen, wenn Sie der Meinung sind, dass Metazet Ihre Daten nicht ordnungsgem\u00e4\u00df behandelt.<\/p>\n<h4>Recht auf Beendigung der Datennutzung (Widerspruch)<\/h4>\n<p>M\u00f6chten Sie nicht, dass Metazet Ihre Daten verwendet? Dann haben Sie das Recht, die Verwendung Ihrer personenbezogenen Daten zu unterbinden.<\/p>\n<p>Die Aus\u00fcbung dieser Rechte kann erfolgen \u00fcber&nbsp;<a title=\"mailto:henryhuiskens@metazet.com\" href=\"mailto:henryhuiskens@metazet.com\">henryhuiskens@metazet.comonder<\/a>\u00dcbersendung einer Kopie des Ausweises, auf der das Passfoto, die Zahlen am unteren Rand des Passes, die Nummer des Ausweises und die BSN unleserlich gemacht wurden. Es wird angestrebt, innerhalb einer Woche zu antworten.<\/p>\n<h3><strong>Zust\u00e4ndigkeiten<\/strong><\/h3>\n<p>Metazet verarbeitet personenbezogene Daten auf der Grundlage eines berechtigten Interesses, n\u00e4mlich eines kommerziellen Interesses. Beispiele hierf\u00fcr sind das Anbieten von Metazet-Dienstleistungen oder -Produkten per E-Mail.  Ihre Daten werden niemals an Dritte verkauft.<\/p>\n<p>Bei den zu \u00fcbermittelnden Daten handelt es sich um die Mindestdaten, die erforderlich sind, um die Dienstleistungen oder Produkte anzubieten. So wird beispielsweise Ihre E-Mail-Adresse oder Telefonnummer ben\u00f6tigt, um Sie zu kontaktieren. Wenn diese Pflichtangaben nicht gemacht werden, kann Metazet den entsprechenden Service nicht anbieten.<\/p>\n<p>Sollte es notwendig sein, Daten, die Sie Metazet zur Verf\u00fcgung gestellt haben, an andere als die oben genannten Parteien weiterzugeben, werden wir zun\u00e4chst Ihre Zustimmung einholen.<\/p>\n<p>Metazet beh\u00e4lt sich das Recht vor, Daten weiterzugeben, wenn dies gesetzlich vorgeschrieben ist oder wenn Metazet dies f\u00fcr gerechtfertigt h\u00e4lt, um einer rechtlichen Anfrage\/einem rechtlichen Verfahren nachzukommen oder um die Rechte, das Eigentum oder die Sicherheit von Metazet zu sch\u00fctzen. Dabei sind wir stets bem\u00fcht, Ihr Recht auf Privatsph\u00e4re so weit wie m\u00f6glich zu respektieren.<\/p>\n<p>Haben Sie noch Fragen? Bitte kontaktieren Sie uns \u00fcber die unten stehenden Angaben.<\/p>\n<p><strong>&nbsp;<\/strong><\/p>\n<p><a title=\"mailto:info@metazet.com\" href=\"mailto:info@metazet.com\">\n  <strong>info@metazet.com<\/strong>\n<\/a><strong>| <a href=\"tel:+31174225822\">+31-174-225822<\/a><\/strong><\/p>\n<p><strong>De Lierseweg 6 | 2291 PD | Wateringen<\/strong><\/p>\n<p><strong>Mehrwertsteuernummer NL820189285B01 | KVK-Nummer 27242562<\/strong><\/p>\t\t\t\t\t\t\t\t<\/div>\n\t\t\t\t<\/div>\n\t\t\t\t\t<\/div>\n\t\t\t\t<\/div>\n\t\t\t\t<\/div>\n\t\t","protected":false},"excerpt":{"rendered":"<p>Erkl\u00e4rung zum Datenschutz Metazet Hier finden Sie die Datenschutzerkl\u00e4rung von Metazet. Sie beschreibt, wie Ihre von Metazet erfassten pers\u00f6nlichen Daten behandelt werden. Einf\u00fchrung In dieser Datenschutzerkl\u00e4rung erfahren Sie alles dar\u00fcber, wie Ihre pers\u00f6nlichen Daten gesammelt und behandelt werden. Darin wird erkl\u00e4rt, wo Ihre Daten gespeichert werden und f\u00fcr welche Zwecke sie gespeichert werden. Hier finden [&hellip;]<\/p>\n","protected":false},"author":1,"featured_media":0,"parent":0,"menu_order":0,"comment_status":"closed","ping_status":"closed","template":"","meta":{"footnotes":""},"teelt":[],"productsoorten":[],"class_list":["post-4189","page","type-page","status-publish","hentry"],"yoast_head":"<!-- This site is optimized with the Yoast SEO Premium plugin v27.3 (Yoast SEO v27.3) - https:\/\/yoast.com\/product\/yoast-seo-premium-wordpress\/ -->\n<title>Erkl\u00e4rung zum Datenschutz - Metazet<\/title>\n<meta name=\"robots\" content=\"index, follow, max-snippet:-1, max-image-preview:large, max-video-preview:-1\" \/>\n<link rel=\"canonical\" href=\"https:\/\/metazet.com\/de\/erklaerung-zum-datenschutz\/\" \/>\n<meta property=\"og:locale\" content=\"de_DE\" \/>\n<meta property=\"og:type\" content=\"article\" \/>\n<meta property=\"og:title\" content=\"Erkl\u00e4rung zum Datenschutz\" \/>\n<meta property=\"og:description\" content=\"Erkl\u00e4rung zum Datenschutz Metazet Hier finden Sie die Datenschutzerkl\u00e4rung von Metazet. Sie beschreibt, wie Ihre von Metazet erfassten pers\u00f6nlichen Daten behandelt werden. Einf\u00fchrung In dieser Datenschutzerkl\u00e4rung erfahren Sie alles dar\u00fcber, wie Ihre pers\u00f6nlichen Daten gesammelt und behandelt werden. Darin wird erkl\u00e4rt, wo Ihre Daten gespeichert werden und f\u00fcr welche Zwecke sie gespeichert werden. Hier finden [&hellip;]\" \/>\n<meta property=\"og:url\" content=\"https:\/\/metazet.com\/de\/erklaerung-zum-datenschutz\/\" \/>\n<meta property=\"og:site_name\" content=\"Metazet\" \/>\n<meta property=\"article:modified_time\" content=\"2025-06-09T19:41:52+00:00\" \/>\n<meta name=\"twitter:card\" content=\"summary_large_image\" \/>\n<meta name=\"twitter:label1\" content=\"Gesch\u00e4tzte Lesezeit\" \/>\n\t<meta name=\"twitter:data1\" content=\"5\u00a0Minuten\" \/>\n<script type=\"application\/ld+json\" class=\"yoast-schema-graph\">{\"@context\":\"https:\\\/\\\/schema.org\",\"@graph\":[{\"@type\":\"WebPage\",\"@id\":\"https:\\\/\\\/metazet.com\\\/de\\\/erklaerung-zum-datenschutz\\\/\",\"url\":\"https:\\\/\\\/metazet.com\\\/de\\\/erklaerung-zum-datenschutz\\\/\",\"name\":\"Erkl\u00e4rung zum Datenschutz - Metazet\",\"isPartOf\":{\"@id\":\"https:\\\/\\\/metazet.com\\\/de\\\/#website\"},\"datePublished\":\"2024-01-22T13:42:34+00:00\",\"dateModified\":\"2025-06-09T19:41:52+00:00\",\"breadcrumb\":{\"@id\":\"https:\\\/\\\/metazet.com\\\/de\\\/erklaerung-zum-datenschutz\\\/#breadcrumb\"},\"inLanguage\":\"de\",\"potentialAction\":[{\"@type\":\"ReadAction\",\"target\":[\"https:\\\/\\\/metazet.com\\\/de\\\/erklaerung-zum-datenschutz\\\/\"]}]},{\"@type\":\"BreadcrumbList\",\"@id\":\"https:\\\/\\\/metazet.com\\\/de\\\/erklaerung-zum-datenschutz\\\/#breadcrumb\",\"itemListElement\":[{\"@type\":\"ListItem\",\"position\":1,\"name\":\"Home\",\"item\":\"https:\\\/\\\/metazet.com\\\/de\\\/\"},{\"@type\":\"ListItem\",\"position\":2,\"name\":\"Erkl\u00e4rung zum Datenschutz\"}]},{\"@type\":\"WebSite\",\"@id\":\"https:\\\/\\\/metazet.com\\\/de\\\/#website\",\"url\":\"https:\\\/\\\/metazet.com\\\/de\\\/\",\"name\":\"Metazet\",\"description\":\"Totaaloplossingen voor de tuinbouw\",\"publisher\":{\"@id\":\"https:\\\/\\\/metazet.com\\\/de\\\/#organization\"},\"potentialAction\":[{\"@type\":\"SearchAction\",\"target\":{\"@type\":\"EntryPoint\",\"urlTemplate\":\"https:\\\/\\\/metazet.com\\\/de\\\/?s={search_term_string}\"},\"query-input\":{\"@type\":\"PropertyValueSpecification\",\"valueRequired\":true,\"valueName\":\"search_term_string\"}}],\"inLanguage\":\"de\"},{\"@type\":\"Organization\",\"@id\":\"https:\\\/\\\/metazet.com\\\/de\\\/#organization\",\"name\":\"Metazet\",\"url\":\"https:\\\/\\\/metazet.com\\\/de\\\/\",\"logo\":{\"@type\":\"ImageObject\",\"inLanguage\":\"de\",\"@id\":\"https:\\\/\\\/metazet.com\\\/de\\\/#\\\/schema\\\/logo\\\/image\\\/\",\"url\":\"https:\\\/\\\/metazet.com\\\/wp-content\\\/uploads\\\/2023\\\/12\\\/Logo-Footer.svg\",\"contentUrl\":\"https:\\\/\\\/metazet.com\\\/wp-content\\\/uploads\\\/2023\\\/12\\\/Logo-Footer.svg\",\"width\":927,\"height\":542,\"caption\":\"Metazet\"},\"image\":{\"@id\":\"https:\\\/\\\/metazet.com\\\/de\\\/#\\\/schema\\\/logo\\\/image\\\/\"}}]}<\/script>\n<!-- \/ Yoast SEO Premium plugin. -->","yoast_head_json":{"title":"Erkl\u00e4rung zum Datenschutz - Metazet","robots":{"index":"index","follow":"follow","max-snippet":"max-snippet:-1","max-image-preview":"max-image-preview:large","max-video-preview":"max-video-preview:-1"},"canonical":"https:\/\/metazet.com\/de\/erklaerung-zum-datenschutz\/","og_locale":"de_DE","og_type":"article","og_title":"Erkl\u00e4rung zum Datenschutz","og_description":"Erkl\u00e4rung zum Datenschutz Metazet Hier finden Sie die Datenschutzerkl\u00e4rung von Metazet. Sie beschreibt, wie Ihre von Metazet erfassten pers\u00f6nlichen Daten behandelt werden. Einf\u00fchrung In dieser Datenschutzerkl\u00e4rung erfahren Sie alles dar\u00fcber, wie Ihre pers\u00f6nlichen Daten gesammelt und behandelt werden. Darin wird erkl\u00e4rt, wo Ihre Daten gespeichert werden und f\u00fcr welche Zwecke sie gespeichert werden. Hier finden [&hellip;]","og_url":"https:\/\/metazet.com\/de\/erklaerung-zum-datenschutz\/","og_site_name":"Metazet","article_modified_time":"2025-06-09T19:41:52+00:00","twitter_card":"summary_large_image","twitter_misc":{"Gesch\u00e4tzte Lesezeit":"5\u00a0Minuten"},"schema":{"@context":"https:\/\/schema.org","@graph":[{"@type":"WebPage","@id":"https:\/\/metazet.com\/de\/erklaerung-zum-datenschutz\/","url":"https:\/\/metazet.com\/de\/erklaerung-zum-datenschutz\/","name":"Erkl\u00e4rung zum Datenschutz - Metazet","isPartOf":{"@id":"https:\/\/metazet.com\/de\/#website"},"datePublished":"2024-01-22T13:42:34+00:00","dateModified":"2025-06-09T19:41:52+00:00","breadcrumb":{"@id":"https:\/\/metazet.com\/de\/erklaerung-zum-datenschutz\/#breadcrumb"},"inLanguage":"de","potentialAction":[{"@type":"ReadAction","target":["https:\/\/metazet.com\/de\/erklaerung-zum-datenschutz\/"]}]},{"@type":"BreadcrumbList","@id":"https:\/\/metazet.com\/de\/erklaerung-zum-datenschutz\/#breadcrumb","itemListElement":[{"@type":"ListItem","position":1,"name":"Home","item":"https:\/\/metazet.com\/de\/"},{"@type":"ListItem","position":2,"name":"Erkl\u00e4rung zum Datenschutz"}]},{"@type":"WebSite","@id":"https:\/\/metazet.com\/de\/#website","url":"https:\/\/metazet.com\/de\/","name":"Metazet","description":"Totaaloplossingen voor de tuinbouw","publisher":{"@id":"https:\/\/metazet.com\/de\/#organization"},"potentialAction":[{"@type":"SearchAction","target":{"@type":"EntryPoint","urlTemplate":"https:\/\/metazet.com\/de\/?s={search_term_string}"},"query-input":{"@type":"PropertyValueSpecification","valueRequired":true,"valueName":"search_term_string"}}],"inLanguage":"de"},{"@type":"Organization","@id":"https:\/\/metazet.com\/de\/#organization","name":"Metazet","url":"https:\/\/metazet.com\/de\/","logo":{"@type":"ImageObject","inLanguage":"de","@id":"https:\/\/metazet.com\/de\/#\/schema\/logo\/image\/","url":"https:\/\/metazet.com\/wp-content\/uploads\/2023\/12\/Logo-Footer.svg","contentUrl":"https:\/\/metazet.com\/wp-content\/uploads\/2023\/12\/Logo-Footer.svg","width":927,"height":542,"caption":"Metazet"},"image":{"@id":"https:\/\/metazet.com\/de\/#\/schema\/logo\/image\/"}}]}},"_links":{"self":[{"href":"https:\/\/metazet.com\/de\/wp-json\/wp\/v2\/pages\/4189","targetHints":{"allow":["GET"]}}],"collection":[{"href":"https:\/\/metazet.com\/de\/wp-json\/wp\/v2\/pages"}],"about":[{"href":"https:\/\/metazet.com\/de\/wp-json\/wp\/v2\/types\/page"}],"author":[{"embeddable":true,"href":"https:\/\/metazet.com\/de\/wp-json\/wp\/v2\/users\/1"}],"replies":[{"embeddable":true,"href":"https:\/\/metazet.com\/de\/wp-json\/wp\/v2\/comments?post=4189"}],"version-history":[{"count":5,"href":"https:\/\/metazet.com\/de\/wp-json\/wp\/v2\/pages\/4189\/revisions"}],"predecessor-version":[{"id":11347,"href":"https:\/\/metazet.com\/de\/wp-json\/wp\/v2\/pages\/4189\/revisions\/11347"}],"wp:attachment":[{"href":"https:\/\/metazet.com\/de\/wp-json\/wp\/v2\/media?parent=4189"}],"wp:term":[{"taxonomy":"teelt","embeddable":true,"href":"https:\/\/metazet.com\/de\/wp-json\/wp\/v2\/teelt?post=4189"},{"taxonomy":"productsoorten","embeddable":true,"href":"https:\/\/metazet.com\/de\/wp-json\/wp\/v2\/productsoorten?post=4189"}],"curies":[{"name":"wp","href":"https:\/\/api.w.org\/{rel}","templated":true}]}}