{"id":3430,"date":"2023-12-27T13:26:52","date_gmt":"2023-12-27T12:26:52","guid":{"rendered":"https:\/\/metazet.com\/nachhaltig\/"},"modified":"2026-02-12T16:36:39","modified_gmt":"2026-02-12T15:36:39","slug":"nachhaltig","status":"publish","type":"page","link":"https:\/\/metazet.com\/de\/nachhaltig\/","title":{"rendered":"Nachhaltig"},"content":{"rendered":"\t\t<div data-elementor-type=\"wp-page\" data-elementor-id=\"3430\" class=\"elementor elementor-3430 elementor-815\" data-elementor-post-type=\"page\">\n\t\t\t\t<div class=\"elementor-element elementor-element-a0e640c e-con-full e-flex e-con e-parent\" data-id=\"a0e640c\" data-element_type=\"container\" data-e-type=\"container\" data-settings=\"{&quot;background_background&quot;:&quot;classic&quot;}\">\n\t\t<div class=\"elementor-element elementor-element-b8e5ff0 e-con-full e-flex e-con e-child\" data-id=\"b8e5ff0\" data-element_type=\"container\" data-e-type=\"container\">\n\t\t\t\t<div class=\"elementor-element elementor-element-2658c67 elementor-widget elementor-widget-heading\" data-id=\"2658c67\" data-element_type=\"widget\" data-e-type=\"widget\" data-widget_type=\"heading.default\">\n\t\t\t\t<div class=\"elementor-widget-container\">\n\t\t\t\t\t<h1 class=\"elementor-heading-title elementor-size-default\">Nachhaltig<\/h1>\t\t\t\t<\/div>\n\t\t\t\t<\/div>\n\t\t\t\t<\/div>\n\t\t<div class=\"elementor-element elementor-element-ad26e66 e-con-full e-flex e-con e-child\" data-id=\"ad26e66\" data-element_type=\"container\" data-e-type=\"container\" data-settings=\"{&quot;background_background&quot;:&quot;classic&quot;}\">\n\t\t\t\t<\/div>\n\t\t\t\t<\/div>\n\t\t<div class=\"elementor-element elementor-element-d6d99e8 e-flex e-con-boxed e-con e-parent\" data-id=\"d6d99e8\" data-element_type=\"container\" data-e-type=\"container\" data-settings=\"{&quot;background_background&quot;:&quot;classic&quot;}\">\n\t\t\t\t\t<div class=\"e-con-inner\">\n\t\t\t\t<div class=\"elementor-element elementor-element-0c5df3c elementor-widget__width-initial elementor-widget elementor-widget-text-editor\" data-id=\"0c5df3c\" data-element_type=\"widget\" data-e-type=\"widget\" data-widget_type=\"text-editor.default\">\n\t\t\t\t<div class=\"elementor-widget-container\">\n\t\t\t\t\t\t\t\t\t<p><strong><em>Nachhaltigkeit ist eine Investition in die Zukunft des Gartenbaus<\/em> <br><\/strong>Eine nachhaltige Zukunft f\u00fcr den Gartenbau hat bei Metazet einen langen Weg. Der Lebenszyklus unserer Produkte ist wichtig, aber es geht auch um die Auswirkungen auf die Lebensdauer, den Wasser- und N\u00e4hrstoffverbrauch und die Einsparung von Arbeitskr\u00e4ften. Entdecken Sie, wie unsere Produkte nicht nur zu einem gesunden Anbauumfeld beitragen, sondern auch den \u00f6kologischen Fu\u00dfabdruck verringern.  <\/p><p><span style=\"text-align: var(--text-align); background-color: var( --e-global-color-accent ); color: var( --e-global-color-095cd0e );\"><b> <\/b><\/span><\/p><p><span style=\"text-align: var(--text-align); background-color: var( --e-global-color-accent ); color: var( --e-global-color-095cd0e );\"><b><em>Nachhaltige Produkte  <\/em><br><\/b><\/span><span style=\"text-align: var(--text-align); background-color: var( --e-global-color-accent ); color: var( --e-global-color-095cd0e );\">Metazet liefert Produkte mit hoher Qualit\u00e4t und langer Lebensdauer. Denn wir glauben, dass vor allem letzteres der ultimative Indikator f\u00fcr Nachhaltigkeit ist. Unsere Produkte halten nicht nur lange im Gew\u00e4chshaus, sondern sind auch danach nachhaltig.  <\/span><\/p><p><span style=\"background-color: var( --e-global-color-accent ); color: var( --e-global-color-095cd0e ); text-align: var(--text-align);\"><b><em>Second Skin  <\/em><br><\/b><\/span><span style=\"text-align: var(--text-align); background-color: var( --e-global-color-accent ); color: var( --e-global-color-095cd0e );\">Unser Second Skin ist also kein normaler Ersatz f\u00fcr die Dachrinne, sondern eine intelligente Kunststoffbeschichtung \u00fcber der betroffenen Dachrinne. Diese Schicht verl\u00e4ngert nicht nur die Lebensdauer der Rinne um zehn Jahre, sondern ist nach Gebrauch auch vollst\u00e4ndig recycelbar.  <\/span><\/p><p><em><strong>Arbeitsersparnis und Vergn\u00fcgen<\/strong><\/em><br>Metazet entwickelt Produkte, die die Effizienz im Gew\u00e4chshaus f\u00f6rdern. Arbeitseinsparungen tragen zu einem nachhaltigeren Betrieb bei, und wir m\u00f6chten es den Erzeugern leichter machen. Unsere L\u00f6sungen sind eine wertvolle Investition f\u00fcr moderne Landwirte, die nach nachhaltigen und effizienten Anbaumethoden streben. Aber unsere L\u00f6sungen gew\u00e4hrleisten auch eine einfache Arbeit. Bessere ergonomische Bedingungen machen die Arbeit leichter und angenehmer.  <\/p>\t\t\t\t\t\t\t\t<\/div>\n\t\t\t\t<\/div>\n\t\t\t\t<div class=\"elementor-element elementor-element-ab6e16e elementor-widget__width-initial elementor-widget elementor-widget-text-editor\" data-id=\"ab6e16e\" data-element_type=\"widget\" data-e-type=\"widget\" data-widget_type=\"text-editor.default\">\n\t\t\t\t<div class=\"elementor-widget-container\">\n\t\t\t\t\t\t\t\t\t<p><strong><em>Wasser und N\u00e4hrstoffe<\/em><br><\/strong>Unsere Produkte helfen, die Lebensdauer des Gew\u00e4chshauses zu verl\u00e4ngern, aber auch, Wasser und N\u00e4hrstoffe effizient zu nutzen. Die Reduzierung des Wasser- und N\u00e4hrstoffverbrauchs f\u00fchrt nicht nur zu Kosteneinsparungen f\u00fcr die Landwirte, sondern hat auch positive Auswirkungen auf die Umwelt.<\/p><p> <\/p><p><em><strong>Nachhaltiges Personal <\/strong><\/em><br>Nachhaltigkeit gilt nicht nur f\u00fcr unsere Produkte, sondern auch f\u00fcr unsere Mitarbeiter. Wir legen Wert auf ein Arbeitsumfeld, in dem sich jeder geh\u00f6rt, gesch\u00e4tzt und respektiert f\u00fchlt. Indem wir in die Entwicklung und das Wohlergehen unserer Mitarbeiter investieren, arbeiten wir auf eine nachhaltige Beziehung zu unseren Mitarbeitern und eine nachhaltige Zukunft f\u00fcr jede einzelne Karriere hin.  <\/p><p> <\/p><p><strong><em>Gesunder Arbeitsplatz<\/em> <\/strong><br>Nachhaltigkeit bedeutet auch, ein gesundes, sicheres und integratives Arbeitsumfeld zu schaffen. Wir streben nach ergonomischen Arbeitspl\u00e4tzen, sicheren Verfahren, Mitarbeiterbeteiligung und einer Kultur des Wohlbefindens. Ein gesunder Arbeitsplatz f\u00f6rdert das Wohlbefinden unserer Mitarbeiter im Moment, hilft uns aber auch, langfristig eine nachhaltige Belegschaft aufzubauen.  <\/p><p> <\/p><p><strong><em>Gr\u00fcnere Zukunft <\/em><br><\/strong>Wir m\u00f6chten ein Unternehmen sein, das nicht nur nachhaltige L\u00f6sungen anbietet, sondern auch einen nachhaltigen Einfluss auf das Leben unserer Mitarbeiter hat. Gemeinsam bauen wir eine gr\u00fcnere Zukunft, nicht nur f\u00fcr den Gartenbau, sondern auch f\u00fcr unsere eigene Metazet-Familie. Daher ist Nachhaltigkeit nicht nur ein Ziel, sondern ein integraler Bestandteil unseres Auftrags.  <\/p>\t\t\t\t\t\t\t\t<\/div>\n\t\t\t\t<\/div>\n\t\t\t\t\t<\/div>\n\t\t\t\t<\/div>\n\t\t<div class=\"elementor-element elementor-element-ce3ec96 e-flex e-con-boxed e-con e-parent\" data-id=\"ce3ec96\" data-element_type=\"container\" data-e-type=\"container\" data-settings=\"{&quot;background_background&quot;:&quot;classic&quot;}\">\n\t\t\t\t\t<div class=\"e-con-inner\">\n\t\t<div class=\"elementor-element elementor-element-9a1f8b8 e-con-full e-flex e-con e-child\" data-id=\"9a1f8b8\" data-element_type=\"container\" data-e-type=\"container\">\n\t\t\t\t<\/div>\n\t\t<div class=\"elementor-element elementor-element-8404d3a e-con-full e-flex e-con e-child\" data-id=\"8404d3a\" data-element_type=\"container\" data-e-type=\"container\">\n\t\t\t\t<div class=\"elementor-element elementor-element-a835e16 elementor-widget elementor-widget-heading\" data-id=\"a835e16\" data-element_type=\"widget\" data-e-type=\"widget\" data-widget_type=\"heading.default\">\n\t\t\t\t<div class=\"elementor-widget-container\">\n\t\t\t\t\t<h2 class=\"elementor-heading-title elementor-size-default\">Auch nachhaltiger wachsen? Sprechen Sie mit uns \u00fcber die L\u00f6sungen!  <\/h2>\t\t\t\t<\/div>\n\t\t\t\t<\/div>\n\t\t\t\t<div class=\"elementor-element elementor-element-1db46a6 elementor-widget elementor-widget-button\" data-id=\"1db46a6\" data-element_type=\"widget\" data-e-type=\"widget\" data-widget_type=\"button.default\">\n\t\t\t\t<div class=\"elementor-widget-container\">\n\t\t\t\t\t\t\t\t\t<div class=\"elementor-button-wrapper\">\n\t\t\t\t\t<a class=\"elementor-button elementor-button-link elementor-size-sm\" href=\"https:\/\/metazet.com\/de\/kontakt\/\">\n\t\t\t\t\t\t<span class=\"elementor-button-content-wrapper\">\n\t\t\t\t\t\t\t\t\t<span class=\"elementor-button-text\">Kontakt aufnehmen<\/span>\n\t\t\t\t\t<\/span>\n\t\t\t\t\t<\/a>\n\t\t\t\t<\/div>\n\t\t\t\t\t\t\t\t<\/div>\n\t\t\t\t<\/div>\n\t\t\t\t<\/div>\n\t\t\t\t\t<\/div>\n\t\t\t\t<\/div>\n\t\t\t\t<\/div>\n\t\t","protected":false},"excerpt":{"rendered":"<p>Nachhaltig Nachhaltigkeit ist eine Investition in die Zukunft des Gartenbaus Eine nachhaltige Zukunft f\u00fcr den Gartenbau hat bei Metazet einen langen Weg. Der Lebenszyklus unserer Produkte ist wichtig, aber es geht auch um die Auswirkungen auf die Lebensdauer, den Wasser- und N\u00e4hrstoffverbrauch und die Einsparung von Arbeitskr\u00e4ften. Entdecken Sie, wie unsere Produkte nicht nur zu [&hellip;]<\/p>\n","protected":false},"author":1,"featured_media":0,"parent":0,"menu_order":0,"comment_status":"closed","ping_status":"closed","template":"","meta":{"footnotes":""},"teelt":[],"productsoorten":[],"class_list":["post-3430","page","type-page","status-publish","hentry"],"yoast_head":"<!-- This site is optimized with the Yoast SEO Premium plugin v27.3 (Yoast SEO v27.3) - https:\/\/yoast.com\/product\/yoast-seo-premium-wordpress\/ -->\n<title>Nachhaltig - Metazet<\/title>\n<meta name=\"robots\" content=\"index, follow, max-snippet:-1, max-image-preview:large, max-video-preview:-1\" \/>\n<link rel=\"canonical\" href=\"https:\/\/metazet.com\/de\/nachhaltig\/\" \/>\n<meta property=\"og:locale\" content=\"de_DE\" \/>\n<meta property=\"og:type\" content=\"article\" \/>\n<meta property=\"og:title\" content=\"Nachhaltig\" \/>\n<meta property=\"og:description\" content=\"Nachhaltig Nachhaltigkeit ist eine Investition in die Zukunft des Gartenbaus Eine nachhaltige Zukunft f\u00fcr den Gartenbau hat bei Metazet einen langen Weg. Der Lebenszyklus unserer Produkte ist wichtig, aber es geht auch um die Auswirkungen auf die Lebensdauer, den Wasser- und N\u00e4hrstoffverbrauch und die Einsparung von Arbeitskr\u00e4ften. Entdecken Sie, wie unsere Produkte nicht nur zu [&hellip;]\" \/>\n<meta property=\"og:url\" content=\"https:\/\/metazet.com\/de\/nachhaltig\/\" \/>\n<meta property=\"og:site_name\" content=\"Metazet\" \/>\n<meta property=\"article:modified_time\" content=\"2026-02-12T15:36:39+00:00\" \/>\n<meta name=\"twitter:card\" content=\"summary_large_image\" \/>\n<meta name=\"twitter:label1\" content=\"Gesch\u00e4tzte Lesezeit\" \/>\n\t<meta name=\"twitter:data1\" content=\"2\u00a0Minuten\" \/>\n<script type=\"application\/ld+json\" class=\"yoast-schema-graph\">{\"@context\":\"https:\\\/\\\/schema.org\",\"@graph\":[{\"@type\":\"WebPage\",\"@id\":\"https:\\\/\\\/metazet.com\\\/de\\\/nachhaltig\\\/\",\"url\":\"https:\\\/\\\/metazet.com\\\/de\\\/nachhaltig\\\/\",\"name\":\"Nachhaltig - Metazet\",\"isPartOf\":{\"@id\":\"https:\\\/\\\/metazet.com\\\/de\\\/#website\"},\"datePublished\":\"2023-12-27T12:26:52+00:00\",\"dateModified\":\"2026-02-12T15:36:39+00:00\",\"breadcrumb\":{\"@id\":\"https:\\\/\\\/metazet.com\\\/de\\\/nachhaltig\\\/#breadcrumb\"},\"inLanguage\":\"de\",\"potentialAction\":[{\"@type\":\"ReadAction\",\"target\":[\"https:\\\/\\\/metazet.com\\\/de\\\/nachhaltig\\\/\"]}]},{\"@type\":\"BreadcrumbList\",\"@id\":\"https:\\\/\\\/metazet.com\\\/de\\\/nachhaltig\\\/#breadcrumb\",\"itemListElement\":[{\"@type\":\"ListItem\",\"position\":1,\"name\":\"Home\",\"item\":\"https:\\\/\\\/metazet.com\\\/de\\\/\"},{\"@type\":\"ListItem\",\"position\":2,\"name\":\"Nachhaltig\"}]},{\"@type\":\"WebSite\",\"@id\":\"https:\\\/\\\/metazet.com\\\/de\\\/#website\",\"url\":\"https:\\\/\\\/metazet.com\\\/de\\\/\",\"name\":\"Metazet\",\"description\":\"Totaaloplossingen voor de tuinbouw\",\"publisher\":{\"@id\":\"https:\\\/\\\/metazet.com\\\/de\\\/#organization\"},\"potentialAction\":[{\"@type\":\"SearchAction\",\"target\":{\"@type\":\"EntryPoint\",\"urlTemplate\":\"https:\\\/\\\/metazet.com\\\/de\\\/?s={search_term_string}\"},\"query-input\":{\"@type\":\"PropertyValueSpecification\",\"valueRequired\":true,\"valueName\":\"search_term_string\"}}],\"inLanguage\":\"de\"},{\"@type\":\"Organization\",\"@id\":\"https:\\\/\\\/metazet.com\\\/de\\\/#organization\",\"name\":\"Metazet\",\"url\":\"https:\\\/\\\/metazet.com\\\/de\\\/\",\"logo\":{\"@type\":\"ImageObject\",\"inLanguage\":\"de\",\"@id\":\"https:\\\/\\\/metazet.com\\\/de\\\/#\\\/schema\\\/logo\\\/image\\\/\",\"url\":\"https:\\\/\\\/metazet.com\\\/wp-content\\\/uploads\\\/2023\\\/12\\\/Logo-Footer.svg\",\"contentUrl\":\"https:\\\/\\\/metazet.com\\\/wp-content\\\/uploads\\\/2023\\\/12\\\/Logo-Footer.svg\",\"width\":927,\"height\":542,\"caption\":\"Metazet\"},\"image\":{\"@id\":\"https:\\\/\\\/metazet.com\\\/de\\\/#\\\/schema\\\/logo\\\/image\\\/\"}}]}<\/script>\n<!-- \/ Yoast SEO Premium plugin. -->","yoast_head_json":{"title":"Nachhaltig - Metazet","robots":{"index":"index","follow":"follow","max-snippet":"max-snippet:-1","max-image-preview":"max-image-preview:large","max-video-preview":"max-video-preview:-1"},"canonical":"https:\/\/metazet.com\/de\/nachhaltig\/","og_locale":"de_DE","og_type":"article","og_title":"Nachhaltig","og_description":"Nachhaltig Nachhaltigkeit ist eine Investition in die Zukunft des Gartenbaus Eine nachhaltige Zukunft f\u00fcr den Gartenbau hat bei Metazet einen langen Weg. Der Lebenszyklus unserer Produkte ist wichtig, aber es geht auch um die Auswirkungen auf die Lebensdauer, den Wasser- und N\u00e4hrstoffverbrauch und die Einsparung von Arbeitskr\u00e4ften. Entdecken Sie, wie unsere Produkte nicht nur zu [&hellip;]","og_url":"https:\/\/metazet.com\/de\/nachhaltig\/","og_site_name":"Metazet","article_modified_time":"2026-02-12T15:36:39+00:00","twitter_card":"summary_large_image","twitter_misc":{"Gesch\u00e4tzte Lesezeit":"2\u00a0Minuten"},"schema":{"@context":"https:\/\/schema.org","@graph":[{"@type":"WebPage","@id":"https:\/\/metazet.com\/de\/nachhaltig\/","url":"https:\/\/metazet.com\/de\/nachhaltig\/","name":"Nachhaltig - Metazet","isPartOf":{"@id":"https:\/\/metazet.com\/de\/#website"},"datePublished":"2023-12-27T12:26:52+00:00","dateModified":"2026-02-12T15:36:39+00:00","breadcrumb":{"@id":"https:\/\/metazet.com\/de\/nachhaltig\/#breadcrumb"},"inLanguage":"de","potentialAction":[{"@type":"ReadAction","target":["https:\/\/metazet.com\/de\/nachhaltig\/"]}]},{"@type":"BreadcrumbList","@id":"https:\/\/metazet.com\/de\/nachhaltig\/#breadcrumb","itemListElement":[{"@type":"ListItem","position":1,"name":"Home","item":"https:\/\/metazet.com\/de\/"},{"@type":"ListItem","position":2,"name":"Nachhaltig"}]},{"@type":"WebSite","@id":"https:\/\/metazet.com\/de\/#website","url":"https:\/\/metazet.com\/de\/","name":"Metazet","description":"Totaaloplossingen voor de tuinbouw","publisher":{"@id":"https:\/\/metazet.com\/de\/#organization"},"potentialAction":[{"@type":"SearchAction","target":{"@type":"EntryPoint","urlTemplate":"https:\/\/metazet.com\/de\/?s={search_term_string}"},"query-input":{"@type":"PropertyValueSpecification","valueRequired":true,"valueName":"search_term_string"}}],"inLanguage":"de"},{"@type":"Organization","@id":"https:\/\/metazet.com\/de\/#organization","name":"Metazet","url":"https:\/\/metazet.com\/de\/","logo":{"@type":"ImageObject","inLanguage":"de","@id":"https:\/\/metazet.com\/de\/#\/schema\/logo\/image\/","url":"https:\/\/metazet.com\/wp-content\/uploads\/2023\/12\/Logo-Footer.svg","contentUrl":"https:\/\/metazet.com\/wp-content\/uploads\/2023\/12\/Logo-Footer.svg","width":927,"height":542,"caption":"Metazet"},"image":{"@id":"https:\/\/metazet.com\/de\/#\/schema\/logo\/image\/"}}]}},"_links":{"self":[{"href":"https:\/\/metazet.com\/de\/wp-json\/wp\/v2\/pages\/3430","targetHints":{"allow":["GET"]}}],"collection":[{"href":"https:\/\/metazet.com\/de\/wp-json\/wp\/v2\/pages"}],"about":[{"href":"https:\/\/metazet.com\/de\/wp-json\/wp\/v2\/types\/page"}],"author":[{"embeddable":true,"href":"https:\/\/metazet.com\/de\/wp-json\/wp\/v2\/users\/1"}],"replies":[{"embeddable":true,"href":"https:\/\/metazet.com\/de\/wp-json\/wp\/v2\/comments?post=3430"}],"version-history":[{"count":5,"href":"https:\/\/metazet.com\/de\/wp-json\/wp\/v2\/pages\/3430\/revisions"}],"predecessor-version":[{"id":16786,"href":"https:\/\/metazet.com\/de\/wp-json\/wp\/v2\/pages\/3430\/revisions\/16786"}],"wp:attachment":[{"href":"https:\/\/metazet.com\/de\/wp-json\/wp\/v2\/media?parent=3430"}],"wp:term":[{"taxonomy":"teelt","embeddable":true,"href":"https:\/\/metazet.com\/de\/wp-json\/wp\/v2\/teelt?post=3430"},{"taxonomy":"productsoorten","embeddable":true,"href":"https:\/\/metazet.com\/de\/wp-json\/wp\/v2\/productsoorten?post=3430"}],"curies":[{"name":"wp","href":"https:\/\/api.w.org\/{rel}","templated":true}]}}