{"id":13872,"date":"2025-10-03T11:21:02","date_gmt":"2025-10-03T09:21:02","guid":{"rendered":"https:\/\/metazet.com\/?page_id=13872"},"modified":"2026-03-10T13:57:58","modified_gmt":"2026-03-10T12:57:58","slug":"wasser","status":"publish","type":"page","link":"https:\/\/metazet.com\/de\/wissen\/wasser\/","title":{"rendered":"Wasser"},"content":{"rendered":"\t\t<div data-elementor-type=\"wp-page\" data-elementor-id=\"13872\" class=\"elementor elementor-13872 elementor-13871\" data-elementor-post-type=\"page\">\n\t\t\t\t<div class=\"elementor-element elementor-element-4097ab0 e-con-full e-flex e-con e-parent\" data-id=\"4097ab0\" data-element_type=\"container\" data-e-type=\"container\" data-settings=\"{&quot;background_background&quot;:&quot;classic&quot;}\">\n\t\t<div class=\"elementor-element elementor-element-00d0d21 e-con-full e-flex e-con e-child\" data-id=\"00d0d21\" data-element_type=\"container\" data-e-type=\"container\">\n\t\t\t\t<div class=\"elementor-element elementor-element-5975303 elementor-widget elementor-widget-heading\" data-id=\"5975303\" data-element_type=\"widget\" data-e-type=\"widget\" data-widget_type=\"heading.default\">\n\t\t\t\t<div class=\"elementor-widget-container\">\n\t\t\t\t\t<h1 class=\"elementor-heading-title elementor-size-default\">Gute Wasserqualit\u00e4t ist die Grundlage f\u00fcr eine gesunde Ernte<\/h1>\t\t\t\t<\/div>\n\t\t\t\t<\/div>\n\t\t\t\t<\/div>\n\t\t<div class=\"elementor-element elementor-element-9328399 e-con-full e-flex e-con e-child\" data-id=\"9328399\" data-element_type=\"container\" data-e-type=\"container\" data-settings=\"{&quot;background_background&quot;:&quot;classic&quot;}\">\n\t\t\t\t<\/div>\n\t\t\t\t<\/div>\n\t\t<div class=\"elementor-element elementor-element-23095e9 e-con-full e-flex e-con e-parent\" data-id=\"23095e9\" data-element_type=\"container\" data-e-type=\"container\" data-settings=\"{&quot;background_background&quot;:&quot;classic&quot;}\">\n\t\t\t\t<div class=\"elementor-element elementor-element-6e7cb4c elementor-widget__width-inherit elementor-widget elementor-widget-heading\" data-id=\"6e7cb4c\" data-element_type=\"widget\" data-e-type=\"widget\" data-widget_type=\"heading.default\">\n\t\t\t\t<div class=\"elementor-widget-container\">\n\t\t\t\t\t<h2 class=\"elementor-heading-title elementor-size-default\">Wasser<\/h2>\t\t\t\t<\/div>\n\t\t\t\t<\/div>\n\t\t<div class=\"elementor-element elementor-element-1a163d0 e-con-full e-flex e-con e-child\" data-id=\"1a163d0\" data-element_type=\"container\" data-e-type=\"container\">\n\t\t\t\t<div class=\"elementor-element elementor-element-6df83ba elementor-widget__width-initial elementor-widget elementor-widget-text-editor\" data-id=\"6df83ba\" data-element_type=\"widget\" data-e-type=\"widget\" data-widget_type=\"text-editor.default\">\n\t\t\t\t<div class=\"elementor-widget-container\">\n\t\t\t\t\t\t\t\t\t<p><em><strong>Wasser ist weltweit ein kostbares Gut<\/strong><\/em><\/p><p>Effizienz und Hygiene spielen im Gew\u00e4chshausgartenbau eine immer wichtigere Rolle. <a href=\"https:\/\/metazet.com\/de\/formflex-anbaurinnen-im-gartenbau\/\">Kulturrinnen<\/a> mit versiegelten Wasserkan\u00e4len sorgen f\u00fcr eine kontrollierte Entw\u00e4sserung und verhindern Verunreinigungen durch Wurzelwachstum oder Blattreste. Die Kan\u00e4le verteilen die Bew\u00e4sserung gleichm\u00e4\u00dfig und sorgen f\u00fcr ein stabiles und gesundes Pflanzenwachstum.<\/p><p><em><span style=\"font-weight: bolder;\">Entw\u00e4sserung und Endtanks<\/span><\/em><\/p><p>Die Entw\u00e4sserung durch Wasserkan\u00e4le und das Auffangen in Endtanks verhindert die Verschwendung von Wasser, D\u00fcnger und N\u00e4hrstoffen. Diese Str\u00f6me k\u00f6nnen im Anbauprozess geschickt reduziert werden, wodurch der Z\u00fcchter N\u00e4hrstoffe spart und den \u00f6kologischen Fu\u00dfabdruck verkleinert. Im World Horti Centre k\u00f6nnen Sie auf dem <a href=\"https:\/\/www.worldhorticenter.nl\/themas\/water\/\">Waterwise<\/a> Square eine Testanlage finden.  <\/p>\t\t\t\t\t\t\t\t<\/div>\n\t\t\t\t<\/div>\n\t\t\t\t<div class=\"elementor-element elementor-element-9e562cf elementor-widget__width-initial elementor-widget elementor-widget-text-editor\" data-id=\"9e562cf\" data-element_type=\"widget\" data-e-type=\"widget\" data-widget_type=\"text-editor.default\">\n\t\t\t\t<div class=\"elementor-widget-container\">\n\t\t\t\t\t\t\t\t\t<p><em><strong>Hygiene und Wasser gehen Hand in Hand<\/strong><\/em><\/p><p>Eine ordnungsgem\u00e4\u00dfe Wartung des Dachrinnensystems ist jedoch unerl\u00e4sslich. Ansammlungen oder Ablagerungen k\u00f6nnen an der Rinne haften und den Abfluss behindern. Dauerhafte Beschichtungen wie PVC-Laminat oder die Verwendung von <a href=\"https:\/\/metazet.com\/de\/teeltgoot\/second-skin\/\">Second Skin<\/a> sch\u00fctzen die Rinnen vor <a href=\"https:\/\/metazet.com\/de\/reinigung-von-formflex-kultivierungssystemen\/\">Chemikalien<\/a> und Verschlei\u00df.    <\/p><p><strong>Innovation: N\u00e4hrstoff-Film-Technik (NFT)<\/strong><\/p><p>W\u00e4hrend wir bei herk\u00f6mmlichen Rinnen wollen, dass die Wurzeln nicht einwachsen, befinden sich die Wurzeln von Tomaten, Gurken und Auberginen bei NFT tats\u00e4chlich in einer d\u00fcnnen Wasserschicht mit Wasser, Sauerstoff und N\u00e4hrstoffen, die f\u00fcr ein gleichm\u00e4\u00dfiges Wachstum sorgt. Wir verwenden diese Technik unter anderem bei den Ebbe-Flut-B\u00f6den unserer <a href=\"https:\/\/metazet.com\/producten\/kweektafels\/\">Anzuchttische<\/a>. <\/p>\t\t\t\t\t\t\t\t<\/div>\n\t\t\t\t<\/div>\n\t\t\t\t<\/div>\n\t\t\t\t<\/div>\n\t\t<div class=\"elementor-element elementor-element-b9311be e-flex e-con-boxed e-con e-parent\" data-id=\"b9311be\" data-element_type=\"container\" data-e-type=\"container\" data-settings=\"{&quot;background_background&quot;:&quot;classic&quot;}\">\n\t\t\t\t\t<div class=\"e-con-inner\">\n\t\t<div class=\"elementor-element elementor-element-e3e0271 e-con-full e-flex e-con e-child\" data-id=\"e3e0271\" data-element_type=\"container\" data-e-type=\"container\">\n\t\t\t\t<\/div>\n\t\t<div class=\"elementor-element elementor-element-cc3c692 e-con-full e-flex e-con e-child\" data-id=\"cc3c692\" data-element_type=\"container\" data-e-type=\"container\">\n\t\t\t\t<div class=\"elementor-element elementor-element-b773e53 elementor-widget elementor-widget-heading\" data-id=\"b773e53\" data-element_type=\"widget\" data-e-type=\"widget\" data-widget_type=\"heading.default\">\n\t\t\t\t<div class=\"elementor-widget-container\">\n\t\t\t\t\t<h2 class=\"elementor-heading-title elementor-size-default\">M\u00f6chten Sie mehr \u00fcber unsere nachhaltigen L\u00f6sungen erfahren?  <\/h2>\t\t\t\t<\/div>\n\t\t\t\t<\/div>\n\t\t\t\t<div class=\"elementor-element elementor-element-19ab6cc elementor-widget elementor-widget-button\" data-id=\"19ab6cc\" data-element_type=\"widget\" data-e-type=\"widget\" data-widget_type=\"button.default\">\n\t\t\t\t<div class=\"elementor-widget-container\">\n\t\t\t\t\t\t\t\t\t<div class=\"elementor-button-wrapper\">\n\t\t\t\t\t<a class=\"elementor-button elementor-button-link elementor-size-sm\" href=\"https:\/\/metazet.com\/de\/kontakt\/\">\n\t\t\t\t\t\t<span class=\"elementor-button-content-wrapper\">\n\t\t\t\t\t\t\t\t\t<span class=\"elementor-button-text\">Kontakt aufnehmen<\/span>\n\t\t\t\t\t<\/span>\n\t\t\t\t\t<\/a>\n\t\t\t\t<\/div>\n\t\t\t\t\t\t\t\t<\/div>\n\t\t\t\t<\/div>\n\t\t\t\t<\/div>\n\t\t\t\t\t<\/div>\n\t\t\t\t<\/div>\n\t\t\t\t<\/div>\n\t\t","protected":false},"excerpt":{"rendered":"<p>Gute Wasserqualit\u00e4t ist die Grundlage f\u00fcr eine gesunde Ernte Wasser Wasser ist weltweit ein kostbares Gut Effizienz und Hygiene spielen im Gew\u00e4chshausgartenbau eine immer wichtigere Rolle. Kulturrinnen mit versiegelten Wasserkan\u00e4len sorgen f\u00fcr eine kontrollierte Entw\u00e4sserung und verhindern Verunreinigungen durch Wurzelwachstum oder Blattreste. Die Kan\u00e4le verteilen die Bew\u00e4sserung gleichm\u00e4\u00dfig und sorgen f\u00fcr ein stabiles und gesundes [&hellip;]<\/p>\n","protected":false},"author":3,"featured_media":13176,"parent":4538,"menu_order":0,"comment_status":"closed","ping_status":"closed","template":"","meta":{"footnotes":""},"teelt":[47,49,50,271,280],"productsoorten":[],"class_list":["post-13872","page","type-page","status-publish","has-post-thumbnail","hentry","teelt-gemuse","teelt-beerenobst","teelt-medizinisches-cannabis","teelt-blumen","teelt-pflanzen"],"yoast_head":"<!-- This site is optimized with the Yoast SEO Premium plugin v27.3 (Yoast SEO v27.3) - https:\/\/yoast.com\/product\/yoast-seo-premium-wordpress\/ -->\n<title>Wasser - Metazet<\/title>\n<meta name=\"description\" content=\"Metazet entwickelt nachhaltige Anbausysteme, die Wasser, N\u00e4hrstoffe und Arbeit sparen. Second Skin verl\u00e4ngert die Lebensdauer von Rinnen und reduziert den \u00f6kologischen Fu\u00dfabdruck.\" \/>\n<meta name=\"robots\" content=\"index, follow, max-snippet:-1, max-image-preview:large, max-video-preview:-1\" \/>\n<link rel=\"canonical\" href=\"https:\/\/metazet.com\/de\/wissen\/wasser\/\" \/>\n<meta property=\"og:locale\" content=\"de_DE\" \/>\n<meta property=\"og:type\" content=\"article\" \/>\n<meta property=\"og:title\" content=\"Wasser\" \/>\n<meta property=\"og:description\" content=\"Metazet entwickelt nachhaltige Anbausysteme, die Wasser, N\u00e4hrstoffe und Arbeit sparen. Second Skin verl\u00e4ngert die Lebensdauer von Rinnen und reduziert den \u00f6kologischen Fu\u00dfabdruck.\" \/>\n<meta property=\"og:url\" content=\"https:\/\/metazet.com\/de\/wissen\/wasser\/\" \/>\n<meta property=\"og:site_name\" content=\"Metazet\" \/>\n<meta property=\"article:modified_time\" content=\"2026-03-10T12:57:58+00:00\" \/>\n<meta property=\"og:image\" content=\"https:\/\/metazet.com\/wp-content\/uploads\/2025\/08\/Roos_GG_Lange-liggers_Eindbak_843.jpg\" \/>\n\t<meta property=\"og:image:width\" content=\"2272\" \/>\n\t<meta property=\"og:image:height\" content=\"1704\" \/>\n\t<meta property=\"og:image:type\" content=\"image\/jpeg\" \/>\n<meta name=\"twitter:card\" content=\"summary_large_image\" \/>\n<meta name=\"twitter:label1\" content=\"Gesch\u00e4tzte Lesezeit\" \/>\n\t<meta name=\"twitter:data1\" content=\"2\u00a0Minuten\" \/>\n<script type=\"application\/ld+json\" class=\"yoast-schema-graph\">{\"@context\":\"https:\\\/\\\/schema.org\",\"@graph\":[{\"@type\":\"WebPage\",\"@id\":\"https:\\\/\\\/metazet.com\\\/de\\\/wissen\\\/wasser\\\/\",\"url\":\"https:\\\/\\\/metazet.com\\\/de\\\/wissen\\\/wasser\\\/\",\"name\":\"Wasser - Metazet\",\"isPartOf\":{\"@id\":\"https:\\\/\\\/metazet.com\\\/de\\\/#website\"},\"primaryImageOfPage\":{\"@id\":\"https:\\\/\\\/metazet.com\\\/de\\\/wissen\\\/wasser\\\/#primaryimage\"},\"image\":{\"@id\":\"https:\\\/\\\/metazet.com\\\/de\\\/wissen\\\/wasser\\\/#primaryimage\"},\"thumbnailUrl\":\"https:\\\/\\\/metazet.com\\\/wp-content\\\/uploads\\\/2025\\\/08\\\/Roos_GG_Lange-liggers_Eindbak_843.jpg\",\"datePublished\":\"2025-10-03T09:21:02+00:00\",\"dateModified\":\"2026-03-10T12:57:58+00:00\",\"description\":\"Metazet entwickelt nachhaltige Anbausysteme, die Wasser, N\u00e4hrstoffe und Arbeit sparen. Second Skin verl\u00e4ngert die Lebensdauer von Rinnen und reduziert den \u00f6kologischen Fu\u00dfabdruck.\",\"breadcrumb\":{\"@id\":\"https:\\\/\\\/metazet.com\\\/de\\\/wissen\\\/wasser\\\/#breadcrumb\"},\"inLanguage\":\"de\",\"potentialAction\":[{\"@type\":\"ReadAction\",\"target\":[\"https:\\\/\\\/metazet.com\\\/de\\\/wissen\\\/wasser\\\/\"]}]},{\"@type\":\"ImageObject\",\"inLanguage\":\"de\",\"@id\":\"https:\\\/\\\/metazet.com\\\/de\\\/wissen\\\/wasser\\\/#primaryimage\",\"url\":\"https:\\\/\\\/metazet.com\\\/wp-content\\\/uploads\\\/2025\\\/08\\\/Roos_GG_Lange-liggers_Eindbak_843.jpg\",\"contentUrl\":\"https:\\\/\\\/metazet.com\\\/wp-content\\\/uploads\\\/2025\\\/08\\\/Roos_GG_Lange-liggers_Eindbak_843.jpg\",\"width\":2272,\"height\":1704,\"caption\":\"Controleer eindbakken en koppelingen tijdig\"},{\"@type\":\"BreadcrumbList\",\"@id\":\"https:\\\/\\\/metazet.com\\\/de\\\/wissen\\\/wasser\\\/#breadcrumb\",\"itemListElement\":[{\"@type\":\"ListItem\",\"position\":1,\"name\":\"Home\",\"item\":\"https:\\\/\\\/metazet.com\\\/de\\\/\"},{\"@type\":\"ListItem\",\"position\":2,\"name\":\"Wissen\",\"item\":\"https:\\\/\\\/metazet.com\\\/de\\\/wissen\\\/\"},{\"@type\":\"ListItem\",\"position\":3,\"name\":\"Wasser\"}]},{\"@type\":\"WebSite\",\"@id\":\"https:\\\/\\\/metazet.com\\\/de\\\/#website\",\"url\":\"https:\\\/\\\/metazet.com\\\/de\\\/\",\"name\":\"Metazet\",\"description\":\"Totaaloplossingen voor de tuinbouw\",\"publisher\":{\"@id\":\"https:\\\/\\\/metazet.com\\\/de\\\/#organization\"},\"potentialAction\":[{\"@type\":\"SearchAction\",\"target\":{\"@type\":\"EntryPoint\",\"urlTemplate\":\"https:\\\/\\\/metazet.com\\\/de\\\/?s={search_term_string}\"},\"query-input\":{\"@type\":\"PropertyValueSpecification\",\"valueRequired\":true,\"valueName\":\"search_term_string\"}}],\"inLanguage\":\"de\"},{\"@type\":\"Organization\",\"@id\":\"https:\\\/\\\/metazet.com\\\/de\\\/#organization\",\"name\":\"Metazet\",\"url\":\"https:\\\/\\\/metazet.com\\\/de\\\/\",\"logo\":{\"@type\":\"ImageObject\",\"inLanguage\":\"de\",\"@id\":\"https:\\\/\\\/metazet.com\\\/de\\\/#\\\/schema\\\/logo\\\/image\\\/\",\"url\":\"https:\\\/\\\/metazet.com\\\/wp-content\\\/uploads\\\/2023\\\/12\\\/Logo-Footer.svg\",\"contentUrl\":\"https:\\\/\\\/metazet.com\\\/wp-content\\\/uploads\\\/2023\\\/12\\\/Logo-Footer.svg\",\"width\":927,\"height\":542,\"caption\":\"Metazet\"},\"image\":{\"@id\":\"https:\\\/\\\/metazet.com\\\/de\\\/#\\\/schema\\\/logo\\\/image\\\/\"}}]}<\/script>\n<!-- \/ Yoast SEO Premium plugin. -->","yoast_head_json":{"title":"Wasser - Metazet","description":"Metazet entwickelt nachhaltige Anbausysteme, die Wasser, N\u00e4hrstoffe und Arbeit sparen. Second Skin verl\u00e4ngert die Lebensdauer von Rinnen und reduziert den \u00f6kologischen Fu\u00dfabdruck.","robots":{"index":"index","follow":"follow","max-snippet":"max-snippet:-1","max-image-preview":"max-image-preview:large","max-video-preview":"max-video-preview:-1"},"canonical":"https:\/\/metazet.com\/de\/wissen\/wasser\/","og_locale":"de_DE","og_type":"article","og_title":"Wasser","og_description":"Metazet entwickelt nachhaltige Anbausysteme, die Wasser, N\u00e4hrstoffe und Arbeit sparen. Second Skin verl\u00e4ngert die Lebensdauer von Rinnen und reduziert den \u00f6kologischen Fu\u00dfabdruck.","og_url":"https:\/\/metazet.com\/de\/wissen\/wasser\/","og_site_name":"Metazet","article_modified_time":"2026-03-10T12:57:58+00:00","og_image":[{"width":2272,"height":1704,"url":"https:\/\/metazet.com\/wp-content\/uploads\/2025\/08\/Roos_GG_Lange-liggers_Eindbak_843.jpg","type":"image\/jpeg"}],"twitter_card":"summary_large_image","twitter_misc":{"Gesch\u00e4tzte Lesezeit":"2\u00a0Minuten"},"schema":{"@context":"https:\/\/schema.org","@graph":[{"@type":"WebPage","@id":"https:\/\/metazet.com\/de\/wissen\/wasser\/","url":"https:\/\/metazet.com\/de\/wissen\/wasser\/","name":"Wasser - Metazet","isPartOf":{"@id":"https:\/\/metazet.com\/de\/#website"},"primaryImageOfPage":{"@id":"https:\/\/metazet.com\/de\/wissen\/wasser\/#primaryimage"},"image":{"@id":"https:\/\/metazet.com\/de\/wissen\/wasser\/#primaryimage"},"thumbnailUrl":"https:\/\/metazet.com\/wp-content\/uploads\/2025\/08\/Roos_GG_Lange-liggers_Eindbak_843.jpg","datePublished":"2025-10-03T09:21:02+00:00","dateModified":"2026-03-10T12:57:58+00:00","description":"Metazet entwickelt nachhaltige Anbausysteme, die Wasser, N\u00e4hrstoffe und Arbeit sparen. Second Skin verl\u00e4ngert die Lebensdauer von Rinnen und reduziert den \u00f6kologischen Fu\u00dfabdruck.","breadcrumb":{"@id":"https:\/\/metazet.com\/de\/wissen\/wasser\/#breadcrumb"},"inLanguage":"de","potentialAction":[{"@type":"ReadAction","target":["https:\/\/metazet.com\/de\/wissen\/wasser\/"]}]},{"@type":"ImageObject","inLanguage":"de","@id":"https:\/\/metazet.com\/de\/wissen\/wasser\/#primaryimage","url":"https:\/\/metazet.com\/wp-content\/uploads\/2025\/08\/Roos_GG_Lange-liggers_Eindbak_843.jpg","contentUrl":"https:\/\/metazet.com\/wp-content\/uploads\/2025\/08\/Roos_GG_Lange-liggers_Eindbak_843.jpg","width":2272,"height":1704,"caption":"Controleer eindbakken en koppelingen tijdig"},{"@type":"BreadcrumbList","@id":"https:\/\/metazet.com\/de\/wissen\/wasser\/#breadcrumb","itemListElement":[{"@type":"ListItem","position":1,"name":"Home","item":"https:\/\/metazet.com\/de\/"},{"@type":"ListItem","position":2,"name":"Wissen","item":"https:\/\/metazet.com\/de\/wissen\/"},{"@type":"ListItem","position":3,"name":"Wasser"}]},{"@type":"WebSite","@id":"https:\/\/metazet.com\/de\/#website","url":"https:\/\/metazet.com\/de\/","name":"Metazet","description":"Totaaloplossingen voor de tuinbouw","publisher":{"@id":"https:\/\/metazet.com\/de\/#organization"},"potentialAction":[{"@type":"SearchAction","target":{"@type":"EntryPoint","urlTemplate":"https:\/\/metazet.com\/de\/?s={search_term_string}"},"query-input":{"@type":"PropertyValueSpecification","valueRequired":true,"valueName":"search_term_string"}}],"inLanguage":"de"},{"@type":"Organization","@id":"https:\/\/metazet.com\/de\/#organization","name":"Metazet","url":"https:\/\/metazet.com\/de\/","logo":{"@type":"ImageObject","inLanguage":"de","@id":"https:\/\/metazet.com\/de\/#\/schema\/logo\/image\/","url":"https:\/\/metazet.com\/wp-content\/uploads\/2023\/12\/Logo-Footer.svg","contentUrl":"https:\/\/metazet.com\/wp-content\/uploads\/2023\/12\/Logo-Footer.svg","width":927,"height":542,"caption":"Metazet"},"image":{"@id":"https:\/\/metazet.com\/de\/#\/schema\/logo\/image\/"}}]}},"_links":{"self":[{"href":"https:\/\/metazet.com\/de\/wp-json\/wp\/v2\/pages\/13872","targetHints":{"allow":["GET"]}}],"collection":[{"href":"https:\/\/metazet.com\/de\/wp-json\/wp\/v2\/pages"}],"about":[{"href":"https:\/\/metazet.com\/de\/wp-json\/wp\/v2\/types\/page"}],"author":[{"embeddable":true,"href":"https:\/\/metazet.com\/de\/wp-json\/wp\/v2\/users\/3"}],"replies":[{"embeddable":true,"href":"https:\/\/metazet.com\/de\/wp-json\/wp\/v2\/comments?post=13872"}],"version-history":[{"count":5,"href":"https:\/\/metazet.com\/de\/wp-json\/wp\/v2\/pages\/13872\/revisions"}],"predecessor-version":[{"id":16474,"href":"https:\/\/metazet.com\/de\/wp-json\/wp\/v2\/pages\/13872\/revisions\/16474"}],"up":[{"embeddable":true,"href":"https:\/\/metazet.com\/de\/wp-json\/wp\/v2\/pages\/4538"}],"wp:featuredmedia":[{"embeddable":true,"href":"https:\/\/metazet.com\/de\/wp-json\/wp\/v2\/media\/13176"}],"wp:attachment":[{"href":"https:\/\/metazet.com\/de\/wp-json\/wp\/v2\/media?parent=13872"}],"wp:term":[{"taxonomy":"teelt","embeddable":true,"href":"https:\/\/metazet.com\/de\/wp-json\/wp\/v2\/teelt?post=13872"},{"taxonomy":"productsoorten","embeddable":true,"href":"https:\/\/metazet.com\/de\/wp-json\/wp\/v2\/productsoorten?post=13872"}],"curies":[{"name":"wp","href":"https:\/\/api.w.org\/{rel}","templated":true}]}}