{"id":13252,"date":"2025-08-12T12:00:44","date_gmt":"2025-08-12T10:00:44","guid":{"rendered":"https:\/\/metazet.com\/?page_id=13252"},"modified":"2026-03-18T13:54:32","modified_gmt":"2026-03-18T12:54:32","slug":"pflanzen-gewachshaus-design","status":"publish","type":"page","link":"https:\/\/metazet.com\/de\/pflanzen-gewachshaus-design\/","title":{"rendered":"Anbaul\u00f6sungen f\u00fcr den Anbau von medizinischem Cannabis"},"content":{"rendered":"\t\t<div data-elementor-type=\"wp-page\" data-elementor-id=\"13252\" class=\"elementor elementor-13252 elementor-13250\" data-elementor-post-type=\"page\">\n\t\t\t\t<div class=\"elementor-element elementor-element-fb73a5a e-con-full e-flex e-con e-parent\" data-id=\"fb73a5a\" data-element_type=\"container\" data-e-type=\"container\" data-settings=\"{&quot;background_background&quot;:&quot;classic&quot;}\">\n\t\t<div class=\"elementor-element elementor-element-a6c3db9 e-con-full e-flex e-con e-child\" data-id=\"a6c3db9\" data-element_type=\"container\" data-e-type=\"container\">\n\t\t\t\t<div class=\"elementor-element elementor-element-f145c35 animated-slow elementor-invisible elementor-widget elementor-widget-heading\" data-id=\"f145c35\" data-element_type=\"widget\" data-e-type=\"widget\" data-settings=\"{&quot;_animation&quot;:&quot;fadeIn&quot;}\" data-widget_type=\"heading.default\">\n\t\t\t\t<div class=\"elementor-widget-container\">\n\t\t\t\t\t<h1 class=\"elementor-heading-title elementor-size-default\">Flexible Systeme f\u00fcr medizinisches Cannabis\n\n<\/h1>\t\t\t\t<\/div>\n\t\t\t\t<\/div>\n\t\t\t\t<div class=\"elementor-element elementor-element-1464f68 animated-slow elementor-invisible elementor-widget elementor-widget-text-editor\" data-id=\"1464f68\" data-element_type=\"widget\" data-e-type=\"widget\" data-settings=\"{&quot;_animation&quot;:&quot;fadeIn&quot;,&quot;_animation_delay&quot;:200}\" data-widget_type=\"text-editor.default\">\n\t\t\t\t<div class=\"elementor-widget-container\">\n\t\t\t\t\t\t\t\t\t<p data-start=\"73\" data-end=\"475\">Metazet bietet verschiedene Anbausysteme f\u00fcr medizinisches Cannabis an. W\u00e4hlen Sie h\u00e4ngende Systeme, eventuell mit Schwingsystem, oder gest\u00fctzte Systeme mit Rohrschienen und langen Tr\u00e4gern.  Auch auf Rollentischen oder als spezielles Topfwannen-System einsetzbar.  <\/p><p data-start=\"477\" data-end=\"600\" data-is-last-node=\"\" data-is-only-node=\"\"> <\/p>\t\t\t\t\t\t\t\t<\/div>\n\t\t\t\t<\/div>\n\t\t\t\t<\/div>\n\t\t<div class=\"elementor-element elementor-element-4b271d5 e-con-full e-flex elementor-invisible e-con e-child\" data-id=\"4b271d5\" data-element_type=\"container\" data-e-type=\"container\" data-settings=\"{&quot;background_background&quot;:&quot;classic&quot;,&quot;animation&quot;:&quot;fadeIn&quot;}\">\n\t\t\t\t<div class=\"elementor-element elementor-element-7428e25 elementor-widget elementor-widget-image\" data-id=\"7428e25\" data-element_type=\"widget\" data-e-type=\"widget\" data-widget_type=\"image.default\">\n\t\t\t\t<div class=\"elementor-widget-container\">\n\t\t\t\t\t\t\t\t\t\t\t\t\t\t\t<img fetchpriority=\"high\" decoding=\"async\" width=\"1600\" height=\"1200\" src=\"https:\/\/metazet.com\/wp-content\/uploads\/2024\/01\/Header-Cannabis-1600px-Metazet.webp\" class=\"attachment-full size-full wp-image-3227\" alt=\"\" srcset=\"https:\/\/metazet.com\/wp-content\/uploads\/2024\/01\/Header-Cannabis-1600px-Metazet.webp 1600w, https:\/\/metazet.com\/wp-content\/uploads\/2024\/01\/Header-Cannabis-1600px-Metazet-300x225.webp 300w, https:\/\/metazet.com\/wp-content\/uploads\/2024\/01\/Header-Cannabis-1600px-Metazet-1024x768.webp 1024w, https:\/\/metazet.com\/wp-content\/uploads\/2024\/01\/Header-Cannabis-1600px-Metazet-768x576.webp 768w, https:\/\/metazet.com\/wp-content\/uploads\/2024\/01\/Header-Cannabis-1600px-Metazet-1536x1152.webp 1536w\" sizes=\"(max-width: 1600px) 100vw, 1600px\" \/>\t\t\t\t\t\t\t\t\t\t\t\t\t\t\t<\/div>\n\t\t\t\t<\/div>\n\t\t\t\t<\/div>\n\t\t\t\t<\/div>\n\t\t<div class=\"elementor-element elementor-element-f0cfe22 e-flex e-con-boxed e-con e-parent\" data-id=\"f0cfe22\" data-element_type=\"container\" data-e-type=\"container\" data-settings=\"{&quot;background_background&quot;:&quot;classic&quot;}\">\n\t\t\t\t\t<div class=\"e-con-inner\">\n\t\t\t\t<div class=\"elementor-element elementor-element-76ca1a6 elementor-widget__width-inherit elementor-widget-tablet__width-inherit elementor-widget elementor-widget-text-editor\" data-id=\"76ca1a6\" data-element_type=\"widget\" data-e-type=\"widget\" data-widget_type=\"text-editor.default\">\n\t\t\t\t<div class=\"elementor-widget-container\">\n\t\t\t\t\t\t\t\t\t<p><span class=\"TextRun SCXW123113321 BCX0\" lang=\"NL-NL\" xml:lang=\"NL-NL\" data-contrast=\"auto\"><span class=\"NormalTextRun SCXW123113321 BCX0\">Sind Sie <\/span><span class=\"NormalTextRun SCXW123113321 BCX0\">Z\u00fcchter <\/span><span class=\"NormalTextRun SCXW123113321 BCX0\">oder Installateur und <\/span><span class=\"NormalTextRun SCXW123113321 BCX0\">interessiert <\/span><span class=\"NormalTextRun SCXW123113321 BCX0\">woran<\/span> <span class=\"NormalTextRun SCXW123113321 BCX0\">Was machen wir sonst noch? Wir zeigen Ihnen hier die am h\u00e4ufigsten verwendeten Kulturrinnen-Profile und andere L\u00f6sungen f\u00fcr medizinischen Cannabis, damit Sie sofort sehen k\u00f6nnen, welche L\u00f6sung zu Ihrem Anbau passt. <\/span><\/span><\/p>\t\t\t\t\t\t\t\t<\/div>\n\t\t\t\t<\/div>\n\t\t\t\t\t<\/div>\n\t\t\t\t<\/div>\n\t\t<div class=\"elementor-element elementor-element-5caa87e e-con-full e-flex e-con e-parent\" data-id=\"5caa87e\" data-element_type=\"container\" data-e-type=\"container\" data-settings=\"{&quot;background_background&quot;:&quot;classic&quot;}\">\n\t\t<div class=\"elementor-element elementor-element-afbc28e e-con-full e-flex e-con e-child\" data-id=\"afbc28e\" data-element_type=\"container\" data-e-type=\"container\" data-settings=\"{&quot;background_background&quot;:&quot;classic&quot;}\">\n\t\t\t\t<div class=\"elementor-element elementor-element-3bbe1c8 elementor-widget elementor-widget-image\" data-id=\"3bbe1c8\" data-element_type=\"widget\" data-e-type=\"widget\" data-widget_type=\"image.default\">\n\t\t\t\t<div class=\"elementor-widget-container\">\n\t\t\t\t\t\t\t\t\t\t\t\t\t\t\t<img decoding=\"async\" width=\"899\" height=\"719\" src=\"https:\/\/metazet.com\/wp-content\/uploads\/2025\/12\/cannabis-CROP.jpg\" class=\"attachment-full size-full wp-image-15320\" alt=\"\" srcset=\"https:\/\/metazet.com\/wp-content\/uploads\/2025\/12\/cannabis-CROP.jpg 899w, https:\/\/metazet.com\/wp-content\/uploads\/2025\/12\/cannabis-CROP-300x240.jpg 300w, https:\/\/metazet.com\/wp-content\/uploads\/2025\/12\/cannabis-CROP-768x614.jpg 768w\" sizes=\"(max-width: 899px) 100vw, 899px\" \/>\t\t\t\t\t\t\t\t\t\t\t\t\t\t\t<\/div>\n\t\t\t\t<\/div>\n\t\t\t\t<\/div>\n\t\t<div class=\"elementor-element elementor-element-5001114 e-con-full e-flex e-con e-child\" data-id=\"5001114\" data-element_type=\"container\" data-e-type=\"container\">\n\t\t\t\t<div class=\"elementor-element elementor-element-ab2be8a elementor-widget elementor-widget-heading\" data-id=\"ab2be8a\" data-element_type=\"widget\" data-e-type=\"widget\" data-widget_type=\"heading.default\">\n\t\t\t\t<div class=\"elementor-widget-container\">\n\t\t\t\t\t<h2 class=\"elementor-heading-title elementor-size-default\">Partner insgesamt<\/h2>\t\t\t\t<\/div>\n\t\t\t\t<\/div>\n\t\t\t\t<div class=\"elementor-element elementor-element-dcde444 elementor-widget elementor-widget-text-editor\" data-id=\"dcde444\" data-element_type=\"widget\" data-e-type=\"widget\" data-widget_type=\"text-editor.default\">\n\t\t\t\t<div class=\"elementor-widget-container\">\n\t\t\t\t\t\t\t\t\t<p data-start=\"110\" data-end=\"527\">Der Anbau von medizinischem Cannabis erfordert eine hochwertige und genau abgestimmte Gew\u00e4chshausausstattung. Bedenken Sie Anbausysteme wie die <a href=\"https:\/\/metazet.com\/teeltgoot\/flexeau\/\">FlexEau<\/a> Formflex Kulturrinne und unser Wissen \u00fcber wasserbasierte Anbaumethoden wie <a href=\"https:\/\/metazet.com\/de\/wissen\/wasser\/\">NFT<\/a>.   <\/p><p data-start=\"534\" data-end=\"833\" data-is-last-node=\"\">Mit Erfahrung im In- und Ausland, von der Hightech-Gew\u00e4chshauszucht in den Niederlanden bis hin zu skalierbaren internationalen Projekten, arbeitet Metazet mit Installateuren und Z\u00fcchtern an L\u00f6sungen, die die Produktivit\u00e4t steigern und Prozesse effizienter machen.<\/p>\t\t\t\t\t\t\t\t<\/div>\n\t\t\t\t<\/div>\n\t\t\t\t<\/div>\n\t\t\t\t<\/div>\n\t\t<div class=\"elementor-element elementor-element-fea09c7 e-flex e-con-boxed e-con e-parent\" data-id=\"fea09c7\" data-element_type=\"container\" data-e-type=\"container\" data-settings=\"{&quot;background_background&quot;:&quot;classic&quot;}\">\n\t\t\t\t\t<div class=\"e-con-inner\">\n\t\t<div class=\"elementor-element elementor-element-14d36d8 e-con-full e-flex e-con e-child\" data-id=\"14d36d8\" data-element_type=\"container\" data-e-type=\"container\">\n\t\t\t\t<div class=\"elementor-element elementor-element-3b71c1a elementor-invisible elementor-widget elementor-widget-text-editor\" data-id=\"3b71c1a\" data-element_type=\"widget\" data-e-type=\"widget\" data-settings=\"{&quot;_animation&quot;:&quot;fadeIn&quot;}\" data-widget_type=\"text-editor.default\">\n\t\t\t\t<div class=\"elementor-widget-container\">\n\t\t\t\t\t\t\t\t\t<p>\u00c4hnliche Artikel<\/p>\t\t\t\t\t\t\t\t<\/div>\n\t\t\t\t<\/div>\n\t\t\t\t<div class=\"elementor-element elementor-element-6b90108 elementor-invisible elementor-widget elementor-widget-text-editor\" data-id=\"6b90108\" data-element_type=\"widget\" data-e-type=\"widget\" data-settings=\"{&quot;_animation&quot;:&quot;fadeIn&quot;,&quot;_animation_delay&quot;:200}\" data-widget_type=\"text-editor.default\">\n\t\t\t\t<div class=\"elementor-widget-container\">\n\t\t\t\t\t\t\t\t\t<p class=\"p1\">M\u00f6chten Sie wissen, wie das in der Praxis aussieht? Werfen Sie einen Blick auf unsere aktuellen Projekte oder kontaktieren Sie uns. <\/p>\t\t\t\t\t\t\t\t<\/div>\n\t\t\t\t<\/div>\n\t\t\t\t<\/div>\n\t\t<div class=\"elementor-element elementor-element-21a328d e-con-full e-flex e-con e-child\" data-id=\"21a328d\" data-element_type=\"container\" data-e-type=\"container\">\n\t\t\t\t<div class=\"elementor-element elementor-element-8a4c6af elementor-widget elementor-widget-text-editor\" data-id=\"8a4c6af\" data-element_type=\"widget\" data-e-type=\"widget\" data-widget_type=\"text-editor.default\">\n\t\t\t\t<div class=\"elementor-widget-container\">\n\t\t\t\t\t\t\t\t\t<p>Nachrichten<\/p>\t\t\t\t\t\t\t\t<\/div>\n\t\t\t\t<\/div>\n\t\t\t\t<div class=\"elementor-element elementor-element-a62fee1 elementor-invisible elementor-widget elementor-widget-jet-listing-grid\" data-id=\"a62fee1\" data-element_type=\"widget\" data-e-type=\"widget\" data-settings=\"{&quot;columns&quot;:&quot;3&quot;,&quot;columns_tablet&quot;:&quot;2&quot;,&quot;columns_mobile&quot;:&quot;1&quot;,&quot;_animation&quot;:&quot;fadeIn&quot;,&quot;_animation_delay&quot;:300}\" data-widget_type=\"jet-listing-grid.default\">\n\t\t\t\t<div class=\"elementor-widget-container\">\n\t\t\t\t\t<div class=\"jet-listing-grid jet-listing\"><div class=\"jet-listing-not-found jet-listing-grid__items\" data-nav=\"{&quot;enabled&quot;:false,&quot;type&quot;:null,&quot;more_el&quot;:null,&quot;query&quot;:[],&quot;widget_settings&quot;:{&quot;lisitng_id&quot;:12788,&quot;posts_num&quot;:99,&quot;columns&quot;:3,&quot;columns_tablet&quot;:2,&quot;columns_mobile&quot;:1,&quot;column_min_width&quot;:240,&quot;column_min_width_tablet&quot;:240,&quot;column_min_width_mobile&quot;:240,&quot;inline_columns_css&quot;:false,&quot;is_archive_template&quot;:&quot;&quot;,&quot;post_status&quot;:[&quot;publish&quot;],&quot;use_random_posts_num&quot;:&quot;&quot;,&quot;max_posts_num&quot;:9,&quot;not_found_message&quot;:&quot;Es wurden keine Nachrichten gefunden.&quot;,&quot;is_masonry&quot;:false,&quot;equal_columns_height&quot;:&quot;yes&quot;,&quot;use_load_more&quot;:&quot;&quot;,&quot;load_more_id&quot;:&quot;&quot;,&quot;load_more_type&quot;:&quot;click&quot;,&quot;load_more_offset&quot;:{&quot;unit&quot;:&quot;px&quot;,&quot;size&quot;:0,&quot;sizes&quot;:[]},&quot;use_custom_post_types&quot;:&quot;&quot;,&quot;custom_post_types&quot;:[],&quot;hide_widget_if&quot;:&quot;&quot;,&quot;carousel_enabled&quot;:&quot;yes&quot;,&quot;slides_to_scroll&quot;:&quot;1&quot;,&quot;arrows&quot;:&quot;true&quot;,&quot;arrow_icon&quot;:&quot;fa fa-angle-left&quot;,&quot;dots&quot;:&quot;true&quot;,&quot;autoplay&quot;:&quot;true&quot;,&quot;pause_on_hover&quot;:&quot;true&quot;,&quot;autoplay_speed&quot;:5000,&quot;infinite&quot;:&quot;true&quot;,&quot;center_mode&quot;:&quot;&quot;,&quot;effect&quot;:&quot;slide&quot;,&quot;speed&quot;:500,&quot;inject_alternative_items&quot;:&quot;&quot;,&quot;injection_items&quot;:[],&quot;scroll_slider_enabled&quot;:&quot;&quot;,&quot;scroll_slider_on&quot;:[&quot;desktop&quot;,&quot;tablet&quot;,&quot;mobile&quot;],&quot;custom_query&quot;:&quot;yes&quot;,&quot;custom_query_id&quot;:&quot;68&quot;,&quot;_element_id&quot;:&quot;&quot;,&quot;collapse_first_last_gap&quot;:false,&quot;list_tag_selection&quot;:&quot;&quot;,&quot;list_items_wrapper_tag&quot;:&quot;div&quot;,&quot;list_item_tag&quot;:&quot;div&quot;,&quot;empty_items_wrapper_tag&quot;:&quot;div&quot;}}\" data-listing-source=\"query\" data-listing-id=\"12788\" data-query-id=\"68\" data-queried-id=\"13252|WP_Post\">Es wurden keine Nachrichten gefunden.<\/div><\/div>\t\t\t\t<\/div>\n\t\t\t\t<\/div>\n\t\t\t\t<\/div>\n\t\t\t\t\t<\/div>\n\t\t\t\t<\/div>\n\t\t<div class=\"elementor-element elementor-element-157e096 e-flex e-con-boxed e-con e-parent\" data-id=\"157e096\" data-element_type=\"container\" data-e-type=\"container\" data-settings=\"{&quot;background_background&quot;:&quot;classic&quot;}\">\n\t\t\t\t\t<div class=\"e-con-inner\">\n\t\t<div class=\"elementor-element elementor-element-7ba223d e-con-full e-flex e-con e-child\" data-id=\"7ba223d\" data-element_type=\"container\" data-e-type=\"container\">\n\t\t\t\t<\/div>\n\t\t<div class=\"elementor-element elementor-element-de40496 e-con-full e-flex e-con e-child\" data-id=\"de40496\" data-element_type=\"container\" data-e-type=\"container\">\n\t\t\t\t<div class=\"elementor-element elementor-element-100b116 elementor-widget elementor-widget-heading\" data-id=\"100b116\" data-element_type=\"widget\" data-e-type=\"widget\" data-widget_type=\"heading.default\">\n\t\t\t\t<div class=\"elementor-widget-container\">\n\t\t\t\t\t<h2 class=\"elementor-heading-title elementor-size-default\">Sie brauchen eine andere L\u00f6sung? Wir denken mit Ihnen.<\/h2>\t\t\t\t<\/div>\n\t\t\t\t<\/div>\n\t\t\t\t<div class=\"elementor-element elementor-element-fe116a6 elementor-widget elementor-widget-button\" data-id=\"fe116a6\" data-element_type=\"widget\" data-e-type=\"widget\" data-widget_type=\"button.default\">\n\t\t\t\t<div class=\"elementor-widget-container\">\n\t\t\t\t\t\t\t\t\t<div class=\"elementor-button-wrapper\">\n\t\t\t\t\t<a class=\"elementor-button elementor-button-link elementor-size-sm\" href=\"https:\/\/metazet.com\/de\/massarbeit\/\">\n\t\t\t\t\t\t<span class=\"elementor-button-content-wrapper\">\n\t\t\t\t\t\t\t\t\t<span class=\"elementor-button-text\">Anpassung durch Metazet<\/span>\n\t\t\t\t\t<\/span>\n\t\t\t\t\t<\/a>\n\t\t\t\t<\/div>\n\t\t\t\t\t\t\t\t<\/div>\n\t\t\t\t<\/div>\n\t\t\t\t<\/div>\n\t\t\t\t\t<\/div>\n\t\t\t\t<\/div>\n\t\t\t\t<\/div>\n\t\t","protected":false},"excerpt":{"rendered":"<p>Flexible Systeme f\u00fcr medizinisches Cannabis Metazet bietet verschiedene Anbausysteme f\u00fcr medizinisches Cannabis an. W\u00e4hlen Sie h\u00e4ngende Systeme, eventuell mit Schwingsystem, oder gest\u00fctzte Systeme mit Rohrschienen und langen Tr\u00e4gern. Auch auf Rollentischen oder als spezielles Topfwannen-System einsetzbar. Sind Sie Z\u00fcchter oder Installateur und interessiert woran Was machen wir sonst noch? Wir zeigen Ihnen hier die am [&hellip;]<\/p>\n","protected":false},"author":3,"featured_media":3227,"parent":0,"menu_order":0,"comment_status":"closed","ping_status":"closed","template":"","meta":{"footnotes":""},"teelt":[],"productsoorten":[],"class_list":["post-13252","page","type-page","status-publish","has-post-thumbnail","hentry"],"yoast_head":"<!-- This site is optimized with the Yoast SEO Premium plugin v27.3 (Yoast SEO v27.3) - https:\/\/yoast.com\/product\/yoast-seo-premium-wordpress\/ -->\n<title>Anbaul\u00f6sungen f\u00fcr den Anbau von medizinischem Cannabis - Metazet<\/title>\n<meta name=\"description\" content=\"Ma\u00dfgeschneiderte Kultivierungssysteme f\u00fcr medizinischen Cannabis. Von h\u00e4ngenden Rinnen bis hin zu Topfrinnen, die von Metazet weltweit vor Ort f\u00fcr Ihr Gew\u00e4chshaus hergestellt werden.\" \/>\n<meta name=\"robots\" content=\"index, follow, max-snippet:-1, max-image-preview:large, max-video-preview:-1\" \/>\n<link rel=\"canonical\" href=\"https:\/\/metazet.com\/de\/pflanzen-gewachshaus-design\/\" \/>\n<meta property=\"og:locale\" content=\"de_DE\" \/>\n<meta property=\"og:type\" content=\"article\" \/>\n<meta property=\"og:title\" content=\"Anbaul\u00f6sungen f\u00fcr den Anbau von medizinischem Cannabis\" \/>\n<meta property=\"og:description\" content=\"Ma\u00dfgeschneiderte Kultivierungssysteme f\u00fcr medizinischen Cannabis. Von h\u00e4ngenden Rinnen bis hin zu Topfrinnen, die von Metazet weltweit vor Ort f\u00fcr Ihr Gew\u00e4chshaus hergestellt werden.\" \/>\n<meta property=\"og:url\" content=\"https:\/\/metazet.com\/de\/pflanzen-gewachshaus-design\/\" \/>\n<meta property=\"og:site_name\" content=\"Metazet\" \/>\n<meta property=\"article:modified_time\" content=\"2026-03-18T12:54:32+00:00\" \/>\n<meta property=\"og:image\" content=\"https:\/\/metazet.com\/wp-content\/uploads\/2024\/01\/Header-Cannabis-1600px-Metazet.webp\" \/>\n\t<meta property=\"og:image:width\" content=\"1600\" \/>\n\t<meta property=\"og:image:height\" content=\"1200\" \/>\n\t<meta property=\"og:image:type\" content=\"image\/webp\" \/>\n<meta name=\"twitter:card\" content=\"summary_large_image\" \/>\n<meta name=\"twitter:label1\" content=\"Gesch\u00e4tzte Lesezeit\" \/>\n\t<meta name=\"twitter:data1\" content=\"1\u00a0Minute\" \/>\n<script type=\"application\/ld+json\" class=\"yoast-schema-graph\">{\"@context\":\"https:\\\/\\\/schema.org\",\"@graph\":[{\"@type\":\"WebPage\",\"@id\":\"https:\\\/\\\/metazet.com\\\/de\\\/pflanzen-gewachshaus-design\\\/\",\"url\":\"https:\\\/\\\/metazet.com\\\/de\\\/pflanzen-gewachshaus-design\\\/\",\"name\":\"Anbaul\u00f6sungen f\u00fcr den Anbau von medizinischem Cannabis - Metazet\",\"isPartOf\":{\"@id\":\"https:\\\/\\\/metazet.com\\\/de\\\/#website\"},\"primaryImageOfPage\":{\"@id\":\"https:\\\/\\\/metazet.com\\\/de\\\/pflanzen-gewachshaus-design\\\/#primaryimage\"},\"image\":{\"@id\":\"https:\\\/\\\/metazet.com\\\/de\\\/pflanzen-gewachshaus-design\\\/#primaryimage\"},\"thumbnailUrl\":\"https:\\\/\\\/metazet.com\\\/wp-content\\\/uploads\\\/2024\\\/01\\\/Header-Cannabis-1600px-Metazet.webp\",\"datePublished\":\"2025-08-12T10:00:44+00:00\",\"dateModified\":\"2026-03-18T12:54:32+00:00\",\"description\":\"Ma\u00dfgeschneiderte Kultivierungssysteme f\u00fcr medizinischen Cannabis. Von h\u00e4ngenden Rinnen bis hin zu Topfrinnen, die von Metazet weltweit vor Ort f\u00fcr Ihr Gew\u00e4chshaus hergestellt werden.\",\"breadcrumb\":{\"@id\":\"https:\\\/\\\/metazet.com\\\/de\\\/pflanzen-gewachshaus-design\\\/#breadcrumb\"},\"inLanguage\":\"de\",\"potentialAction\":[{\"@type\":\"ReadAction\",\"target\":[\"https:\\\/\\\/metazet.com\\\/de\\\/pflanzen-gewachshaus-design\\\/\"]}]},{\"@type\":\"ImageObject\",\"inLanguage\":\"de\",\"@id\":\"https:\\\/\\\/metazet.com\\\/de\\\/pflanzen-gewachshaus-design\\\/#primaryimage\",\"url\":\"https:\\\/\\\/metazet.com\\\/wp-content\\\/uploads\\\/2024\\\/01\\\/Header-Cannabis-1600px-Metazet.webp\",\"contentUrl\":\"https:\\\/\\\/metazet.com\\\/wp-content\\\/uploads\\\/2024\\\/01\\\/Header-Cannabis-1600px-Metazet.webp\",\"width\":1600,\"height\":1200},{\"@type\":\"BreadcrumbList\",\"@id\":\"https:\\\/\\\/metazet.com\\\/de\\\/pflanzen-gewachshaus-design\\\/#breadcrumb\",\"itemListElement\":[{\"@type\":\"ListItem\",\"position\":1,\"name\":\"Home\",\"item\":\"https:\\\/\\\/metazet.com\\\/de\\\/\"},{\"@type\":\"ListItem\",\"position\":2,\"name\":\"Anbaul\u00f6sungen f\u00fcr den Anbau von medizinischem Cannabis\"}]},{\"@type\":\"WebSite\",\"@id\":\"https:\\\/\\\/metazet.com\\\/de\\\/#website\",\"url\":\"https:\\\/\\\/metazet.com\\\/de\\\/\",\"name\":\"Metazet\",\"description\":\"Totaaloplossingen voor de tuinbouw\",\"publisher\":{\"@id\":\"https:\\\/\\\/metazet.com\\\/de\\\/#organization\"},\"potentialAction\":[{\"@type\":\"SearchAction\",\"target\":{\"@type\":\"EntryPoint\",\"urlTemplate\":\"https:\\\/\\\/metazet.com\\\/de\\\/?s={search_term_string}\"},\"query-input\":{\"@type\":\"PropertyValueSpecification\",\"valueRequired\":true,\"valueName\":\"search_term_string\"}}],\"inLanguage\":\"de\"},{\"@type\":\"Organization\",\"@id\":\"https:\\\/\\\/metazet.com\\\/de\\\/#organization\",\"name\":\"Metazet\",\"url\":\"https:\\\/\\\/metazet.com\\\/de\\\/\",\"logo\":{\"@type\":\"ImageObject\",\"inLanguage\":\"de\",\"@id\":\"https:\\\/\\\/metazet.com\\\/de\\\/#\\\/schema\\\/logo\\\/image\\\/\",\"url\":\"https:\\\/\\\/metazet.com\\\/wp-content\\\/uploads\\\/2023\\\/12\\\/Logo-Footer.svg\",\"contentUrl\":\"https:\\\/\\\/metazet.com\\\/wp-content\\\/uploads\\\/2023\\\/12\\\/Logo-Footer.svg\",\"width\":927,\"height\":542,\"caption\":\"Metazet\"},\"image\":{\"@id\":\"https:\\\/\\\/metazet.com\\\/de\\\/#\\\/schema\\\/logo\\\/image\\\/\"}}]}<\/script>\n<!-- \/ Yoast SEO Premium plugin. -->","yoast_head_json":{"title":"Anbaul\u00f6sungen f\u00fcr den Anbau von medizinischem Cannabis - Metazet","description":"Ma\u00dfgeschneiderte Kultivierungssysteme f\u00fcr medizinischen Cannabis. Von h\u00e4ngenden Rinnen bis hin zu Topfrinnen, die von Metazet weltweit vor Ort f\u00fcr Ihr Gew\u00e4chshaus hergestellt werden.","robots":{"index":"index","follow":"follow","max-snippet":"max-snippet:-1","max-image-preview":"max-image-preview:large","max-video-preview":"max-video-preview:-1"},"canonical":"https:\/\/metazet.com\/de\/pflanzen-gewachshaus-design\/","og_locale":"de_DE","og_type":"article","og_title":"Anbaul\u00f6sungen f\u00fcr den Anbau von medizinischem Cannabis","og_description":"Ma\u00dfgeschneiderte Kultivierungssysteme f\u00fcr medizinischen Cannabis. Von h\u00e4ngenden Rinnen bis hin zu Topfrinnen, die von Metazet weltweit vor Ort f\u00fcr Ihr Gew\u00e4chshaus hergestellt werden.","og_url":"https:\/\/metazet.com\/de\/pflanzen-gewachshaus-design\/","og_site_name":"Metazet","article_modified_time":"2026-03-18T12:54:32+00:00","og_image":[{"width":1600,"height":1200,"url":"https:\/\/metazet.com\/wp-content\/uploads\/2024\/01\/Header-Cannabis-1600px-Metazet.webp","type":"image\/webp"}],"twitter_card":"summary_large_image","twitter_misc":{"Gesch\u00e4tzte Lesezeit":"1\u00a0Minute"},"schema":{"@context":"https:\/\/schema.org","@graph":[{"@type":"WebPage","@id":"https:\/\/metazet.com\/de\/pflanzen-gewachshaus-design\/","url":"https:\/\/metazet.com\/de\/pflanzen-gewachshaus-design\/","name":"Anbaul\u00f6sungen f\u00fcr den Anbau von medizinischem Cannabis - Metazet","isPartOf":{"@id":"https:\/\/metazet.com\/de\/#website"},"primaryImageOfPage":{"@id":"https:\/\/metazet.com\/de\/pflanzen-gewachshaus-design\/#primaryimage"},"image":{"@id":"https:\/\/metazet.com\/de\/pflanzen-gewachshaus-design\/#primaryimage"},"thumbnailUrl":"https:\/\/metazet.com\/wp-content\/uploads\/2024\/01\/Header-Cannabis-1600px-Metazet.webp","datePublished":"2025-08-12T10:00:44+00:00","dateModified":"2026-03-18T12:54:32+00:00","description":"Ma\u00dfgeschneiderte Kultivierungssysteme f\u00fcr medizinischen Cannabis. Von h\u00e4ngenden Rinnen bis hin zu Topfrinnen, die von Metazet weltweit vor Ort f\u00fcr Ihr Gew\u00e4chshaus hergestellt werden.","breadcrumb":{"@id":"https:\/\/metazet.com\/de\/pflanzen-gewachshaus-design\/#breadcrumb"},"inLanguage":"de","potentialAction":[{"@type":"ReadAction","target":["https:\/\/metazet.com\/de\/pflanzen-gewachshaus-design\/"]}]},{"@type":"ImageObject","inLanguage":"de","@id":"https:\/\/metazet.com\/de\/pflanzen-gewachshaus-design\/#primaryimage","url":"https:\/\/metazet.com\/wp-content\/uploads\/2024\/01\/Header-Cannabis-1600px-Metazet.webp","contentUrl":"https:\/\/metazet.com\/wp-content\/uploads\/2024\/01\/Header-Cannabis-1600px-Metazet.webp","width":1600,"height":1200},{"@type":"BreadcrumbList","@id":"https:\/\/metazet.com\/de\/pflanzen-gewachshaus-design\/#breadcrumb","itemListElement":[{"@type":"ListItem","position":1,"name":"Home","item":"https:\/\/metazet.com\/de\/"},{"@type":"ListItem","position":2,"name":"Anbaul\u00f6sungen f\u00fcr den Anbau von medizinischem Cannabis"}]},{"@type":"WebSite","@id":"https:\/\/metazet.com\/de\/#website","url":"https:\/\/metazet.com\/de\/","name":"Metazet","description":"Totaaloplossingen voor de tuinbouw","publisher":{"@id":"https:\/\/metazet.com\/de\/#organization"},"potentialAction":[{"@type":"SearchAction","target":{"@type":"EntryPoint","urlTemplate":"https:\/\/metazet.com\/de\/?s={search_term_string}"},"query-input":{"@type":"PropertyValueSpecification","valueRequired":true,"valueName":"search_term_string"}}],"inLanguage":"de"},{"@type":"Organization","@id":"https:\/\/metazet.com\/de\/#organization","name":"Metazet","url":"https:\/\/metazet.com\/de\/","logo":{"@type":"ImageObject","inLanguage":"de","@id":"https:\/\/metazet.com\/de\/#\/schema\/logo\/image\/","url":"https:\/\/metazet.com\/wp-content\/uploads\/2023\/12\/Logo-Footer.svg","contentUrl":"https:\/\/metazet.com\/wp-content\/uploads\/2023\/12\/Logo-Footer.svg","width":927,"height":542,"caption":"Metazet"},"image":{"@id":"https:\/\/metazet.com\/de\/#\/schema\/logo\/image\/"}}]}},"_links":{"self":[{"href":"https:\/\/metazet.com\/de\/wp-json\/wp\/v2\/pages\/13252","targetHints":{"allow":["GET"]}}],"collection":[{"href":"https:\/\/metazet.com\/de\/wp-json\/wp\/v2\/pages"}],"about":[{"href":"https:\/\/metazet.com\/de\/wp-json\/wp\/v2\/types\/page"}],"author":[{"embeddable":true,"href":"https:\/\/metazet.com\/de\/wp-json\/wp\/v2\/users\/3"}],"replies":[{"embeddable":true,"href":"https:\/\/metazet.com\/de\/wp-json\/wp\/v2\/comments?post=13252"}],"version-history":[{"count":5,"href":"https:\/\/metazet.com\/de\/wp-json\/wp\/v2\/pages\/13252\/revisions"}],"predecessor-version":[{"id":17531,"href":"https:\/\/metazet.com\/de\/wp-json\/wp\/v2\/pages\/13252\/revisions\/17531"}],"wp:featuredmedia":[{"embeddable":true,"href":"https:\/\/metazet.com\/de\/wp-json\/wp\/v2\/media\/3227"}],"wp:attachment":[{"href":"https:\/\/metazet.com\/de\/wp-json\/wp\/v2\/media?parent=13252"}],"wp:term":[{"taxonomy":"teelt","embeddable":true,"href":"https:\/\/metazet.com\/de\/wp-json\/wp\/v2\/teelt?post=13252"},{"taxonomy":"productsoorten","embeddable":true,"href":"https:\/\/metazet.com\/de\/wp-json\/wp\/v2\/productsoorten?post=13252"}],"curies":[{"name":"wp","href":"https:\/\/api.w.org\/{rel}","templated":true}]}}