{"id":13226,"date":"2025-08-12T09:35:37","date_gmt":"2025-08-12T07:35:37","guid":{"rendered":"https:\/\/metazet.com\/?page_id=13226"},"modified":"2026-04-02T13:42:28","modified_gmt":"2026-04-02T11:42:28","slug":"entwurf-eines-blumengewachshauses","status":"publish","type":"page","link":"https:\/\/metazet.com\/de\/entwurf-eines-blumengewachshauses\/","title":{"rendered":"Pflanzen-Gew\u00e4chshaus-Design"},"content":{"rendered":"\t\t<div data-elementor-type=\"wp-page\" data-elementor-id=\"13226\" class=\"elementor elementor-13226 elementor-13224\" data-elementor-post-type=\"page\">\n\t\t\t\t<div class=\"elementor-element elementor-element-8e747f2 e-con-full e-flex e-con e-parent\" data-id=\"8e747f2\" data-element_type=\"container\" data-e-type=\"container\" data-settings=\"{&quot;background_background&quot;:&quot;classic&quot;}\">\n\t\t<div class=\"elementor-element elementor-element-5a0bebe e-con-full e-flex e-con e-child\" data-id=\"5a0bebe\" data-element_type=\"container\" data-e-type=\"container\">\n\t\t\t\t<div class=\"elementor-element elementor-element-b05fcec elementor-widget elementor-widget-heading\" data-id=\"b05fcec\" data-element_type=\"widget\" data-e-type=\"widget\" data-widget_type=\"heading.default\">\n\t\t\t\t<div class=\"elementor-widget-container\">\n\t\t\t\t\t<h1 class=\"elementor-heading-title elementor-size-default\">Intelligente Systeme f\u00fcr Pflanzen von h\u00f6chster Qualit\u00e4t<\/h1>\t\t\t\t<\/div>\n\t\t\t\t<\/div>\n\t\t\t\t<div class=\"elementor-element elementor-element-db83ee6 elementor-widget elementor-widget-text-editor\" data-id=\"db83ee6\" data-element_type=\"widget\" data-e-type=\"widget\" data-widget_type=\"text-editor.default\">\n\t\t\t\t<div class=\"elementor-widget-container\">\n\t\t\t\t\t\t\t\t\t<p>Unsere Systeme und Produkte bieten Gew\u00e4chshausausr\u00fcstungen, die optimales Pflanzenwachstum mit effizienter interner Logistik verbinden. Innovative Techniken bringen die Branche voran. Unsere Anzuchtrinnen PG oder VG, Kulturtische, <a href=\"https:\/\/metazet.com\/de\/logistiek-systeem\/flap-track-system\/\">Luftdruckschlegelf\u00f6rderer<\/a> f\u00fcr einfaches Sortieren oder unser intelligentes <a href=\"https:\/\/metazet.com\/de\/logistiek-systeem\/haengesystem\/\">H\u00e4ngekorbsystem<\/a> und das <a href=\"https:\/\/metazet.com\/logistiek-product\/trike-400\/\">Trike<\/a> f\u00fcr den Transport von Auktions- und D\u00e4nischen Wagen. Das sind nur einige Beispiele daf\u00fcr, was wir f\u00fcr den hochwertigen Pflanzenanbau liefern.   <\/p>\t\t\t\t\t\t\t\t<\/div>\n\t\t\t\t<\/div>\n\t\t\t\t<\/div>\n\t\t<div class=\"elementor-element elementor-element-b62bcc4 e-con-full e-flex elementor-invisible e-con e-child\" data-id=\"b62bcc4\" data-element_type=\"container\" data-e-type=\"container\" data-settings=\"{&quot;background_background&quot;:&quot;classic&quot;,&quot;animation&quot;:&quot;fadeIn&quot;}\">\n\t\t\t\t<div class=\"elementor-element elementor-element-71c44b3 elementor-widget elementor-widget-image\" data-id=\"71c44b3\" data-element_type=\"widget\" data-e-type=\"widget\" data-widget_type=\"image.default\">\n\t\t\t\t<div class=\"elementor-widget-container\">\n\t\t\t\t\t\t\t\t\t\t\t\t\t\t\t<img fetchpriority=\"high\" decoding=\"async\" width=\"1600\" height=\"1199\" src=\"https:\/\/metazet.com\/wp-content\/uploads\/2024\/01\/Producten-HBS-1600px-Header-Metazet.webp\" class=\"attachment-full size-full wp-image-2919\" alt=\"H\u00e4ngendes Korbsystem\" srcset=\"https:\/\/metazet.com\/wp-content\/uploads\/2024\/01\/Producten-HBS-1600px-Header-Metazet.webp 1600w, https:\/\/metazet.com\/wp-content\/uploads\/2024\/01\/Producten-HBS-1600px-Header-Metazet-300x225.webp 300w, https:\/\/metazet.com\/wp-content\/uploads\/2024\/01\/Producten-HBS-1600px-Header-Metazet-1024x767.webp 1024w, https:\/\/metazet.com\/wp-content\/uploads\/2024\/01\/Producten-HBS-1600px-Header-Metazet-768x576.webp 768w, https:\/\/metazet.com\/wp-content\/uploads\/2024\/01\/Producten-HBS-1600px-Header-Metazet-1536x1151.webp 1536w\" sizes=\"(max-width: 1600px) 100vw, 1600px\" \/>\t\t\t\t\t\t\t\t\t\t\t\t\t\t\t<\/div>\n\t\t\t\t<\/div>\n\t\t\t\t<\/div>\n\t\t\t\t<\/div>\n\t\t<div class=\"elementor-element elementor-element-f0cfe22 e-flex e-con-boxed e-con e-parent\" data-id=\"f0cfe22\" data-element_type=\"container\" data-e-type=\"container\" data-settings=\"{&quot;background_background&quot;:&quot;classic&quot;}\">\n\t\t\t\t\t<div class=\"e-con-inner\">\n\t\t\t\t<div class=\"elementor-element elementor-element-76ca1a6 elementor-widget__width-initial elementor-widget-tablet__width-inherit elementor-widget-mobile__width-inherit elementor-widget elementor-widget-text-editor\" data-id=\"76ca1a6\" data-element_type=\"widget\" data-e-type=\"widget\" data-widget_type=\"text-editor.default\">\n\t\t\t\t<div class=\"elementor-widget-container\">\n\t\t\t\t\t\t\t\t\t<p><span class=\"TextRun SCXW123113321 BCX0\" lang=\"NL-NL\" xml:lang=\"NL-NL\" data-contrast=\"auto\"><span class=\"NormalTextRun SCXW123113321 BCX0\">Sind Sie <\/span><span class=\"NormalTextRun SCXW123113321 BCX0\">Pflanzenz\u00fcchter <\/span><span class=\"NormalTextRun SCXW123113321 BCX0\">oder Installateur und <\/span><span class=\"NormalTextRun SCXW123113321 BCX0\">interessiert <\/span><span class=\"NormalTextRun SCXW123113321 BCX0\">an dem<\/span> <span class=\"NormalTextRun SCXW123113321 BCX0\">was wir sonst noch machen, werfen Sie einen Blick auf <\/span><span class=\"NormalTextRun SCXW123113321 BCX0\">unsere verwandten Produkte <\/span><span class=\"NormalTextRun SCXW123113321 BCX0\">um zu sehen, was wir f\u00fcr Sie tun k\u00f6nnen <\/span><span class=\"NormalTextRun SCXW123113321 BCX0\">Ihre<\/span> <span class=\"NormalTextRun SCXW123113321 BCX0\">Pflanzenanbau <\/span><span class=\"NormalTextRun SCXW123113321 BCX0\">f\u00fcr Ihren Pflanzenanbau tun k\u00f6nnen: <\/span> <\/span><span class=\"EOP SCXW123113321 BCX0\" data-ccp-props=\"{\"134233117\":false,\"134233118\":false,\"201341983\":0,\"335551550\":1,\"335551620\":1,\"335559685\":0,\"335559737\":0,\"335559738\":0,\"335559739\":0,\"335559740\":259}\"> <\/span><\/p>\t\t\t\t\t\t\t\t<\/div>\n\t\t\t\t<\/div>\n\t\t\t\t\t<\/div>\n\t\t\t\t<\/div>\n\t\t<div class=\"elementor-element elementor-element-5caa87e e-con-full e-flex e-con e-parent\" data-id=\"5caa87e\" data-element_type=\"container\" data-e-type=\"container\" data-settings=\"{&quot;background_background&quot;:&quot;classic&quot;}\">\n\t\t<div class=\"elementor-element elementor-element-afbc28e e-con-full e-flex e-con e-child\" data-id=\"afbc28e\" data-element_type=\"container\" data-e-type=\"container\" data-settings=\"{&quot;background_background&quot;:&quot;classic&quot;}\">\n\t\t\t\t<div class=\"elementor-element elementor-element-3bbe1c8 elementor-widget elementor-widget-image\" data-id=\"3bbe1c8\" data-element_type=\"widget\" data-e-type=\"widget\" data-widget_type=\"image.default\">\n\t\t\t\t<div class=\"elementor-widget-container\">\n\t\t\t\t\t\t\t\t\t\t\t\t\t\t\t<img decoding=\"async\" width=\"2048\" height=\"1536\" src=\"https:\/\/metazet.com\/wp-content\/uploads\/2025\/07\/GWE-7.jpg\" class=\"attachment-full size-full wp-image-12292\" alt=\"\" srcset=\"https:\/\/metazet.com\/wp-content\/uploads\/2025\/07\/GWE-7.jpg 2048w, https:\/\/metazet.com\/wp-content\/uploads\/2025\/07\/GWE-7-300x225.jpg 300w, https:\/\/metazet.com\/wp-content\/uploads\/2025\/07\/GWE-7-1024x768.jpg 1024w, https:\/\/metazet.com\/wp-content\/uploads\/2025\/07\/GWE-7-768x576.jpg 768w, https:\/\/metazet.com\/wp-content\/uploads\/2025\/07\/GWE-7-1536x1152.jpg 1536w\" sizes=\"(max-width: 2048px) 100vw, 2048px\" \/>\t\t\t\t\t\t\t\t\t\t\t\t\t\t\t<\/div>\n\t\t\t\t<\/div>\n\t\t\t\t<\/div>\n\t\t<div class=\"elementor-element elementor-element-5001114 e-con-full e-flex e-con e-child\" data-id=\"5001114\" data-element_type=\"container\" data-e-type=\"container\">\n\t\t\t\t<div class=\"elementor-element elementor-element-ab2be8a elementor-widget elementor-widget-heading\" data-id=\"ab2be8a\" data-element_type=\"widget\" data-e-type=\"widget\" data-widget_type=\"heading.default\">\n\t\t\t\t<div class=\"elementor-widget-container\">\n\t\t\t\t\t<h2 class=\"elementor-heading-title elementor-size-default\">Partner insgesamt<\/h2>\t\t\t\t<\/div>\n\t\t\t\t<\/div>\n\t\t\t\t<div class=\"elementor-element elementor-element-dcde444 elementor-widget elementor-widget-text-editor\" data-id=\"dcde444\" data-element_type=\"widget\" data-e-type=\"widget\" data-widget_type=\"text-editor.default\">\n\t\t\t\t<div class=\"elementor-widget-container\">\n\t\t\t\t\t\t\t\t\t<blockquote data-start=\"390\" data-end=\"686\" data-is-last-node=\"\" data-is-only-node=\"\"><p data-start=\"88\" data-end=\"369\">Jedes Gew\u00e4chshaus ist anders. Von Beetpflanzen in <a href=\"https:\/\/metazet.com\/de\/logistiek-systeem\/haengesystem\/\">H\u00e4ngek\u00f6rben<\/a> bis hin zu <a href=\"https:\/\/metazet.com\/de\/logistiek-systeem\/flap-track-system\/\">Schlegelbahnsystemen.<\/a> Mit unseren <a href=\"https:\/\/metazet.com\/de\/logistiek-product\/trike-400\/\">Trikes<\/a> bewegen Sie die Pflanzen ganz einfach auf D\u00e4nischen Wagen. Metazet liefert intelligente Gesamtl\u00f6sungen, die zu Ihrem Pflanzenanbau, Ihrer Gew\u00e4chshauskonstruktion und Ihrem Umfang passen.  <\/p><p data-start=\"376\" data-end=\"577\" data-is-last-node=\"\">Auch w\u00e4hrend des Anbaus bleiben wir mit Unterst\u00fctzung, Ersatzteilen und Ratschl\u00e4gen bei Erweiterungen, <a href=\"http:\/\/renovatie\">Renovierungen<\/a> oder Anpassungen dabei. Dank unserer weltweiten Erfahrung bieten wir L\u00f6sungen, die mit Ihrem Unternehmen wachsen. <\/p><\/blockquote>\t\t\t\t\t\t\t\t<\/div>\n\t\t\t\t<\/div>\n\t\t\t\t<\/div>\n\t\t\t\t<\/div>\n\t\t<div class=\"elementor-element elementor-element-fea09c7 e-flex e-con-boxed e-con e-parent\" data-id=\"fea09c7\" data-element_type=\"container\" data-e-type=\"container\" data-settings=\"{&quot;background_background&quot;:&quot;classic&quot;}\">\n\t\t\t\t\t<div class=\"e-con-inner\">\n\t\t<div class=\"elementor-element elementor-element-14d36d8 e-con-full e-flex e-con e-child\" data-id=\"14d36d8\" data-element_type=\"container\" data-e-type=\"container\">\n\t\t\t\t<div class=\"elementor-element elementor-element-3b71c1a elementor-invisible elementor-widget elementor-widget-text-editor\" data-id=\"3b71c1a\" data-element_type=\"widget\" data-e-type=\"widget\" data-settings=\"{&quot;_animation&quot;:&quot;fadeIn&quot;}\" data-widget_type=\"text-editor.default\">\n\t\t\t\t<div class=\"elementor-widget-container\">\n\t\t\t\t\t\t\t\t\t<p>\u00c4hnliche Artikel<\/p>\t\t\t\t\t\t\t\t<\/div>\n\t\t\t\t<\/div>\n\t\t\t\t<div class=\"elementor-element elementor-element-6b90108 elementor-invisible elementor-widget elementor-widget-text-editor\" data-id=\"6b90108\" data-element_type=\"widget\" data-e-type=\"widget\" data-settings=\"{&quot;_animation&quot;:&quot;fadeIn&quot;,&quot;_animation_delay&quot;:200}\" data-widget_type=\"text-editor.default\">\n\t\t\t\t<div class=\"elementor-widget-container\">\n\t\t\t\t\t\t\t\t\t<p class=\"p1\">M\u00f6chten Sie wissen, wie das in der Praxis aussieht? Werfen Sie einen Blick auf unsere aktuellen Projekte oder kontaktieren Sie uns. <\/p>\t\t\t\t\t\t\t\t<\/div>\n\t\t\t\t<\/div>\n\t\t\t\t<\/div>\n\t\t<div class=\"elementor-element elementor-element-21a328d e-con-full e-flex e-con e-child\" data-id=\"21a328d\" data-element_type=\"container\" data-e-type=\"container\">\n\t\t\t\t<div class=\"elementor-element elementor-element-8a4c6af elementor-widget elementor-widget-text-editor\" data-id=\"8a4c6af\" data-element_type=\"widget\" data-e-type=\"widget\" data-widget_type=\"text-editor.default\">\n\t\t\t\t<div class=\"elementor-widget-container\">\n\t\t\t\t\t\t\t\t\t<p>Nachrichten<\/p>\t\t\t\t\t\t\t\t<\/div>\n\t\t\t\t<\/div>\n\t\t\t\t<div class=\"elementor-element elementor-element-a62fee1 elementor-invisible elementor-widget elementor-widget-jet-listing-grid\" data-id=\"a62fee1\" data-element_type=\"widget\" data-e-type=\"widget\" data-settings=\"{&quot;columns&quot;:&quot;3&quot;,&quot;columns_tablet&quot;:&quot;2&quot;,&quot;columns_mobile&quot;:&quot;1&quot;,&quot;_animation&quot;:&quot;fadeIn&quot;,&quot;_animation_delay&quot;:300}\" data-widget_type=\"jet-listing-grid.default\">\n\t\t\t\t<div class=\"elementor-widget-container\">\n\t\t\t\t\t<div class=\"jet-listing-grid jet-listing\"><div class=\"jet-listing-not-found jet-listing-grid__items\" data-nav=\"{&quot;enabled&quot;:false,&quot;type&quot;:null,&quot;more_el&quot;:null,&quot;query&quot;:[],&quot;widget_settings&quot;:{&quot;lisitng_id&quot;:12788,&quot;posts_num&quot;:99,&quot;columns&quot;:3,&quot;columns_tablet&quot;:2,&quot;columns_mobile&quot;:1,&quot;column_min_width&quot;:240,&quot;column_min_width_tablet&quot;:240,&quot;column_min_width_mobile&quot;:240,&quot;inline_columns_css&quot;:false,&quot;is_archive_template&quot;:&quot;&quot;,&quot;post_status&quot;:[&quot;publish&quot;],&quot;use_random_posts_num&quot;:&quot;&quot;,&quot;max_posts_num&quot;:9,&quot;not_found_message&quot;:&quot;Es wurden keine Produkte gefunden.&quot;,&quot;is_masonry&quot;:false,&quot;equal_columns_height&quot;:&quot;yes&quot;,&quot;use_load_more&quot;:&quot;&quot;,&quot;load_more_id&quot;:&quot;&quot;,&quot;load_more_type&quot;:&quot;click&quot;,&quot;load_more_offset&quot;:{&quot;unit&quot;:&quot;px&quot;,&quot;size&quot;:0,&quot;sizes&quot;:[]},&quot;use_custom_post_types&quot;:&quot;&quot;,&quot;custom_post_types&quot;:[],&quot;hide_widget_if&quot;:&quot;&quot;,&quot;carousel_enabled&quot;:&quot;yes&quot;,&quot;slides_to_scroll&quot;:&quot;1&quot;,&quot;arrows&quot;:&quot;true&quot;,&quot;arrow_icon&quot;:&quot;fa fa-angle-left&quot;,&quot;dots&quot;:&quot;true&quot;,&quot;autoplay&quot;:&quot;true&quot;,&quot;pause_on_hover&quot;:&quot;true&quot;,&quot;autoplay_speed&quot;:5000,&quot;infinite&quot;:&quot;true&quot;,&quot;center_mode&quot;:&quot;&quot;,&quot;effect&quot;:&quot;slide&quot;,&quot;speed&quot;:500,&quot;inject_alternative_items&quot;:&quot;&quot;,&quot;injection_items&quot;:[],&quot;scroll_slider_enabled&quot;:&quot;&quot;,&quot;scroll_slider_on&quot;:[&quot;desktop&quot;,&quot;tablet&quot;,&quot;mobile&quot;],&quot;custom_query&quot;:&quot;yes&quot;,&quot;custom_query_id&quot;:&quot;54&quot;,&quot;_element_id&quot;:&quot;&quot;,&quot;collapse_first_last_gap&quot;:false,&quot;list_tag_selection&quot;:&quot;&quot;,&quot;list_items_wrapper_tag&quot;:&quot;div&quot;,&quot;list_item_tag&quot;:&quot;div&quot;,&quot;empty_items_wrapper_tag&quot;:&quot;div&quot;}}\" data-listing-source=\"query\" data-listing-id=\"12788\" data-query-id=\"54\" data-queried-id=\"13226|WP_Post\">Es wurden keine Produkte gefunden.<\/div><\/div>\t\t\t\t<\/div>\n\t\t\t\t<\/div>\n\t\t\t\t<\/div>\n\t\t\t\t\t<\/div>\n\t\t\t\t<\/div>\n\t\t<div class=\"elementor-element elementor-element-157e096 e-flex e-con-boxed e-con e-parent\" data-id=\"157e096\" data-element_type=\"container\" data-e-type=\"container\" data-settings=\"{&quot;background_background&quot;:&quot;classic&quot;}\">\n\t\t\t\t\t<div class=\"e-con-inner\">\n\t\t<div class=\"elementor-element elementor-element-7ba223d e-con-full e-flex e-con e-child\" data-id=\"7ba223d\" data-element_type=\"container\" data-e-type=\"container\">\n\t\t\t\t<\/div>\n\t\t<div class=\"elementor-element elementor-element-de40496 e-con-full e-flex e-con e-child\" data-id=\"de40496\" data-element_type=\"container\" data-e-type=\"container\">\n\t\t\t\t<div class=\"elementor-element elementor-element-100b116 elementor-widget elementor-widget-heading\" data-id=\"100b116\" data-element_type=\"widget\" data-e-type=\"widget\" data-widget_type=\"heading.default\">\n\t\t\t\t<div class=\"elementor-widget-container\">\n\t\t\t\t\t<h2 class=\"elementor-heading-title elementor-size-default\">Sie brauchen eine andere L\u00f6sung? Wir denken mit Ihnen.<\/h2>\t\t\t\t<\/div>\n\t\t\t\t<\/div>\n\t\t\t\t<div class=\"elementor-element elementor-element-fe116a6 elementor-widget elementor-widget-button\" data-id=\"fe116a6\" data-element_type=\"widget\" data-e-type=\"widget\" data-widget_type=\"button.default\">\n\t\t\t\t<div class=\"elementor-widget-container\">\n\t\t\t\t\t\t\t\t\t<div class=\"elementor-button-wrapper\">\n\t\t\t\t\t<a class=\"elementor-button elementor-button-link elementor-size-sm\" href=\"https:\/\/metazet.com\/de\/massarbeit\/\">\n\t\t\t\t\t\t<span class=\"elementor-button-content-wrapper\">\n\t\t\t\t\t\t\t\t\t<span class=\"elementor-button-text\">Anpassung durch Metazet<\/span>\n\t\t\t\t\t<\/span>\n\t\t\t\t\t<\/a>\n\t\t\t\t<\/div>\n\t\t\t\t\t\t\t\t<\/div>\n\t\t\t\t<\/div>\n\t\t\t\t<\/div>\n\t\t\t\t\t<\/div>\n\t\t\t\t<\/div>\n\t\t\t\t<\/div>\n\t\t","protected":false},"excerpt":{"rendered":"<p>Intelligente Systeme f\u00fcr Pflanzen von h\u00f6chster Qualit\u00e4t Unsere Systeme und Produkte bieten Gew\u00e4chshausausr\u00fcstungen, die optimales Pflanzenwachstum mit effizienter interner Logistik verbinden. Innovative Techniken bringen die Branche voran. Unsere Anzuchtrinnen PG oder VG, Kulturtische, Luftdruckschlegelf\u00f6rderer f\u00fcr einfaches Sortieren oder unser intelligentes H\u00e4ngekorbsystem und das Trike f\u00fcr den Transport von Auktions- und D\u00e4nischen Wagen. Das sind nur [&hellip;]<\/p>\n","protected":false},"author":3,"featured_media":2933,"parent":0,"menu_order":0,"comment_status":"closed","ping_status":"closed","template":"","meta":{"footnotes":""},"teelt":[],"productsoorten":[],"class_list":["post-13226","page","type-page","status-publish","has-post-thumbnail","hentry"],"yoast_head":"<!-- This site is optimized with the Yoast SEO Premium plugin v27.3 (Yoast SEO v27.3) - https:\/\/yoast.com\/product\/yoast-seo-premium-wordpress\/ -->\n<title>Pflanzen-Gew\u00e4chshaus-Design - Metazet<\/title>\n<meta name=\"description\" content=\"Die Systeme von Metazet verbinden optimales Pflanzenwachstum mit effizienter interner Logistik und ergonomischem Arbeiten.\" \/>\n<meta name=\"robots\" content=\"index, follow, max-snippet:-1, max-image-preview:large, max-video-preview:-1\" \/>\n<link rel=\"canonical\" href=\"https:\/\/metazet.com\/de\/entwurf-eines-blumengewachshauses\/\" \/>\n<meta property=\"og:locale\" content=\"de_DE\" \/>\n<meta property=\"og:type\" content=\"article\" \/>\n<meta property=\"og:title\" content=\"Pflanzen-Gew\u00e4chshaus-Design\" \/>\n<meta property=\"og:description\" content=\"Die Systeme von Metazet verbinden optimales Pflanzenwachstum mit effizienter interner Logistik und ergonomischem Arbeiten.\" \/>\n<meta property=\"og:url\" content=\"https:\/\/metazet.com\/de\/entwurf-eines-blumengewachshauses\/\" \/>\n<meta property=\"og:site_name\" content=\"Metazet\" \/>\n<meta property=\"article:modified_time\" content=\"2026-04-02T11:42:28+00:00\" \/>\n<meta property=\"og:image\" content=\"https:\/\/metazet.com\/wp-content\/uploads\/2024\/01\/Producten-Teelgoot-BloemenPlanten-1600px-Header-Metazet.webp\" \/>\n\t<meta property=\"og:image:width\" content=\"1600\" \/>\n\t<meta property=\"og:image:height\" content=\"1200\" \/>\n\t<meta property=\"og:image:type\" content=\"image\/webp\" \/>\n<meta name=\"twitter:card\" content=\"summary_large_image\" \/>\n<meta name=\"twitter:label1\" content=\"Gesch\u00e4tzte Lesezeit\" \/>\n\t<meta name=\"twitter:data1\" content=\"1\u00a0Minute\" \/>\n<script type=\"application\/ld+json\" class=\"yoast-schema-graph\">{\"@context\":\"https:\\\/\\\/schema.org\",\"@graph\":[{\"@type\":\"WebPage\",\"@id\":\"https:\\\/\\\/metazet.com\\\/de\\\/entwurf-eines-blumengewachshauses\\\/\",\"url\":\"https:\\\/\\\/metazet.com\\\/de\\\/entwurf-eines-blumengewachshauses\\\/\",\"name\":\"Pflanzen-Gew\u00e4chshaus-Design - Metazet\",\"isPartOf\":{\"@id\":\"https:\\\/\\\/metazet.com\\\/de\\\/#website\"},\"primaryImageOfPage\":{\"@id\":\"https:\\\/\\\/metazet.com\\\/de\\\/entwurf-eines-blumengewachshauses\\\/#primaryimage\"},\"image\":{\"@id\":\"https:\\\/\\\/metazet.com\\\/de\\\/entwurf-eines-blumengewachshauses\\\/#primaryimage\"},\"thumbnailUrl\":\"https:\\\/\\\/metazet.com\\\/wp-content\\\/uploads\\\/2024\\\/01\\\/Producten-Teelgoot-BloemenPlanten-1600px-Header-Metazet.webp\",\"datePublished\":\"2025-08-12T07:35:37+00:00\",\"dateModified\":\"2026-04-02T11:42:28+00:00\",\"description\":\"Die Systeme von Metazet verbinden optimales Pflanzenwachstum mit effizienter interner Logistik und ergonomischem Arbeiten.\",\"breadcrumb\":{\"@id\":\"https:\\\/\\\/metazet.com\\\/de\\\/entwurf-eines-blumengewachshauses\\\/#breadcrumb\"},\"inLanguage\":\"de\",\"potentialAction\":[{\"@type\":\"ReadAction\",\"target\":[\"https:\\\/\\\/metazet.com\\\/de\\\/entwurf-eines-blumengewachshauses\\\/\"]}]},{\"@type\":\"ImageObject\",\"inLanguage\":\"de\",\"@id\":\"https:\\\/\\\/metazet.com\\\/de\\\/entwurf-eines-blumengewachshauses\\\/#primaryimage\",\"url\":\"https:\\\/\\\/metazet.com\\\/wp-content\\\/uploads\\\/2024\\\/01\\\/Producten-Teelgoot-BloemenPlanten-1600px-Header-Metazet.webp\",\"contentUrl\":\"https:\\\/\\\/metazet.com\\\/wp-content\\\/uploads\\\/2024\\\/01\\\/Producten-Teelgoot-BloemenPlanten-1600px-Header-Metazet.webp\",\"width\":1600,\"height\":1200},{\"@type\":\"BreadcrumbList\",\"@id\":\"https:\\\/\\\/metazet.com\\\/de\\\/entwurf-eines-blumengewachshauses\\\/#breadcrumb\",\"itemListElement\":[{\"@type\":\"ListItem\",\"position\":1,\"name\":\"Home\",\"item\":\"https:\\\/\\\/metazet.com\\\/de\\\/\"},{\"@type\":\"ListItem\",\"position\":2,\"name\":\"Pflanzen-Gew\u00e4chshaus-Design\"}]},{\"@type\":\"WebSite\",\"@id\":\"https:\\\/\\\/metazet.com\\\/de\\\/#website\",\"url\":\"https:\\\/\\\/metazet.com\\\/de\\\/\",\"name\":\"Metazet\",\"description\":\"Totaaloplossingen voor de tuinbouw\",\"publisher\":{\"@id\":\"https:\\\/\\\/metazet.com\\\/de\\\/#organization\"},\"potentialAction\":[{\"@type\":\"SearchAction\",\"target\":{\"@type\":\"EntryPoint\",\"urlTemplate\":\"https:\\\/\\\/metazet.com\\\/de\\\/?s={search_term_string}\"},\"query-input\":{\"@type\":\"PropertyValueSpecification\",\"valueRequired\":true,\"valueName\":\"search_term_string\"}}],\"inLanguage\":\"de\"},{\"@type\":\"Organization\",\"@id\":\"https:\\\/\\\/metazet.com\\\/de\\\/#organization\",\"name\":\"Metazet\",\"url\":\"https:\\\/\\\/metazet.com\\\/de\\\/\",\"logo\":{\"@type\":\"ImageObject\",\"inLanguage\":\"de\",\"@id\":\"https:\\\/\\\/metazet.com\\\/de\\\/#\\\/schema\\\/logo\\\/image\\\/\",\"url\":\"https:\\\/\\\/metazet.com\\\/wp-content\\\/uploads\\\/2023\\\/12\\\/Logo-Footer.svg\",\"contentUrl\":\"https:\\\/\\\/metazet.com\\\/wp-content\\\/uploads\\\/2023\\\/12\\\/Logo-Footer.svg\",\"width\":927,\"height\":542,\"caption\":\"Metazet\"},\"image\":{\"@id\":\"https:\\\/\\\/metazet.com\\\/de\\\/#\\\/schema\\\/logo\\\/image\\\/\"}}]}<\/script>\n<!-- \/ Yoast SEO Premium plugin. -->","yoast_head_json":{"title":"Pflanzen-Gew\u00e4chshaus-Design - Metazet","description":"Die Systeme von Metazet verbinden optimales Pflanzenwachstum mit effizienter interner Logistik und ergonomischem Arbeiten.","robots":{"index":"index","follow":"follow","max-snippet":"max-snippet:-1","max-image-preview":"max-image-preview:large","max-video-preview":"max-video-preview:-1"},"canonical":"https:\/\/metazet.com\/de\/entwurf-eines-blumengewachshauses\/","og_locale":"de_DE","og_type":"article","og_title":"Pflanzen-Gew\u00e4chshaus-Design","og_description":"Die Systeme von Metazet verbinden optimales Pflanzenwachstum mit effizienter interner Logistik und ergonomischem Arbeiten.","og_url":"https:\/\/metazet.com\/de\/entwurf-eines-blumengewachshauses\/","og_site_name":"Metazet","article_modified_time":"2026-04-02T11:42:28+00:00","og_image":[{"width":1600,"height":1200,"url":"https:\/\/metazet.com\/wp-content\/uploads\/2024\/01\/Producten-Teelgoot-BloemenPlanten-1600px-Header-Metazet.webp","type":"image\/webp"}],"twitter_card":"summary_large_image","twitter_misc":{"Gesch\u00e4tzte Lesezeit":"1\u00a0Minute"},"schema":{"@context":"https:\/\/schema.org","@graph":[{"@type":"WebPage","@id":"https:\/\/metazet.com\/de\/entwurf-eines-blumengewachshauses\/","url":"https:\/\/metazet.com\/de\/entwurf-eines-blumengewachshauses\/","name":"Pflanzen-Gew\u00e4chshaus-Design - Metazet","isPartOf":{"@id":"https:\/\/metazet.com\/de\/#website"},"primaryImageOfPage":{"@id":"https:\/\/metazet.com\/de\/entwurf-eines-blumengewachshauses\/#primaryimage"},"image":{"@id":"https:\/\/metazet.com\/de\/entwurf-eines-blumengewachshauses\/#primaryimage"},"thumbnailUrl":"https:\/\/metazet.com\/wp-content\/uploads\/2024\/01\/Producten-Teelgoot-BloemenPlanten-1600px-Header-Metazet.webp","datePublished":"2025-08-12T07:35:37+00:00","dateModified":"2026-04-02T11:42:28+00:00","description":"Die Systeme von Metazet verbinden optimales Pflanzenwachstum mit effizienter interner Logistik und ergonomischem Arbeiten.","breadcrumb":{"@id":"https:\/\/metazet.com\/de\/entwurf-eines-blumengewachshauses\/#breadcrumb"},"inLanguage":"de","potentialAction":[{"@type":"ReadAction","target":["https:\/\/metazet.com\/de\/entwurf-eines-blumengewachshauses\/"]}]},{"@type":"ImageObject","inLanguage":"de","@id":"https:\/\/metazet.com\/de\/entwurf-eines-blumengewachshauses\/#primaryimage","url":"https:\/\/metazet.com\/wp-content\/uploads\/2024\/01\/Producten-Teelgoot-BloemenPlanten-1600px-Header-Metazet.webp","contentUrl":"https:\/\/metazet.com\/wp-content\/uploads\/2024\/01\/Producten-Teelgoot-BloemenPlanten-1600px-Header-Metazet.webp","width":1600,"height":1200},{"@type":"BreadcrumbList","@id":"https:\/\/metazet.com\/de\/entwurf-eines-blumengewachshauses\/#breadcrumb","itemListElement":[{"@type":"ListItem","position":1,"name":"Home","item":"https:\/\/metazet.com\/de\/"},{"@type":"ListItem","position":2,"name":"Pflanzen-Gew\u00e4chshaus-Design"}]},{"@type":"WebSite","@id":"https:\/\/metazet.com\/de\/#website","url":"https:\/\/metazet.com\/de\/","name":"Metazet","description":"Totaaloplossingen voor de tuinbouw","publisher":{"@id":"https:\/\/metazet.com\/de\/#organization"},"potentialAction":[{"@type":"SearchAction","target":{"@type":"EntryPoint","urlTemplate":"https:\/\/metazet.com\/de\/?s={search_term_string}"},"query-input":{"@type":"PropertyValueSpecification","valueRequired":true,"valueName":"search_term_string"}}],"inLanguage":"de"},{"@type":"Organization","@id":"https:\/\/metazet.com\/de\/#organization","name":"Metazet","url":"https:\/\/metazet.com\/de\/","logo":{"@type":"ImageObject","inLanguage":"de","@id":"https:\/\/metazet.com\/de\/#\/schema\/logo\/image\/","url":"https:\/\/metazet.com\/wp-content\/uploads\/2023\/12\/Logo-Footer.svg","contentUrl":"https:\/\/metazet.com\/wp-content\/uploads\/2023\/12\/Logo-Footer.svg","width":927,"height":542,"caption":"Metazet"},"image":{"@id":"https:\/\/metazet.com\/de\/#\/schema\/logo\/image\/"}}]}},"_links":{"self":[{"href":"https:\/\/metazet.com\/de\/wp-json\/wp\/v2\/pages\/13226","targetHints":{"allow":["GET"]}}],"collection":[{"href":"https:\/\/metazet.com\/de\/wp-json\/wp\/v2\/pages"}],"about":[{"href":"https:\/\/metazet.com\/de\/wp-json\/wp\/v2\/types\/page"}],"author":[{"embeddable":true,"href":"https:\/\/metazet.com\/de\/wp-json\/wp\/v2\/users\/3"}],"replies":[{"embeddable":true,"href":"https:\/\/metazet.com\/de\/wp-json\/wp\/v2\/comments?post=13226"}],"version-history":[{"count":6,"href":"https:\/\/metazet.com\/de\/wp-json\/wp\/v2\/pages\/13226\/revisions"}],"predecessor-version":[{"id":17899,"href":"https:\/\/metazet.com\/de\/wp-json\/wp\/v2\/pages\/13226\/revisions\/17899"}],"wp:featuredmedia":[{"embeddable":true,"href":"https:\/\/metazet.com\/de\/wp-json\/wp\/v2\/media\/2933"}],"wp:attachment":[{"href":"https:\/\/metazet.com\/de\/wp-json\/wp\/v2\/media?parent=13226"}],"wp:term":[{"taxonomy":"teelt","embeddable":true,"href":"https:\/\/metazet.com\/de\/wp-json\/wp\/v2\/teelt?post=13226"},{"taxonomy":"productsoorten","embeddable":true,"href":"https:\/\/metazet.com\/de\/wp-json\/wp\/v2\/productsoorten?post=13226"}],"curies":[{"name":"wp","href":"https:\/\/api.w.org\/{rel}","templated":true}]}}